{"id":2484,"date":"2024-01-25T13:24:23","date_gmt":"2024-01-25T12:24:23","guid":{"rendered":"https:\/\/voilabeauty.com\/?post_type=product&#038;p=2484"},"modified":"2024-04-22T22:08:04","modified_gmt":"2024-04-22T20:08:04","slug":"kit-durezas-y-grietas-feet-calm","status":"publish","type":"product","link":"https:\/\/voilabeauty.com\/en\/tienda\/cremas\/kit-durezas-y-grietas-feet-calm\/","title":{"rendered":"Kit Durezas y Grietas Feet Calm"},"content":{"rendered":"<p>Kit con 3 productos esenciales para REPARAR, REGENERAR e HIDRATAR la piel seca con callos y grietas.<br \/>\nPies perfectos en tan solo 3 pasos. Contiene:<\/p>\n<p>-ULTRA REPAIR CONCENTRATE, 7x2ml: Ampolla con 30%UREA que reduce el engrosamiento y trata afecciones de piel muy seca como eczema, psoriasis, callos, grietas.<\/p>\n<p>-MOUSSE TALONES AGRIETADOS, 75ml: Crema en espuma con 25%UREA, Alanto\u00edna, \u00c1cido Hialur\u00f3nico y Aceite de Oliva que regenera la piel extremadamente seca, descamada, con callos y grietas. Absorci\u00f3n inmediata.<\/p>\n<p>-S\u00c9RUM HIDRATANTE DE MASAJE, 125ml: Emulsi\u00f3n corporal que hidrata, suaviza y calma la piel seca. Textura fresca y ligera de r\u00e1pida absorci\u00f3n.<\/p>\n<p>Productos dermatol\u00f3gicamente testados en pieles sensibles.<\/p>\n","protected":false},"excerpt":{"rendered":"<p>Kit con 3 productos esenciales para REPARAR, REGENERAR e HIDRATAR la piel seca con callos y grietas. Pies perfectos en tan solo 3 pasos. Contiene: -ULTRA REPAIR CONCENTRATE, 7x2ml: Ampolla con 30%UREA que reduce el engrosamiento y trata afecciones de piel muy seca como eczema, psoriasis, callos, grietas. -MOUSSE TALONES AGRIETADOS, 75ml: Crema en espuma [&hellip;]<\/p>\n","protected":false},"featured_media":2488,"comment_status":"open","ping_status":"closed","template":"","meta":{"_joinchat":[]},"product_brand":[],"product_cat":[66],"product_tag":[],"class_list":{"0":"post-2484","1":"product","2":"type-product","3":"status-publish","4":"has-post-thumbnail","6":"product_cat-cremas","8":"first","9":"instock","10":"shipping-taxable","11":"purchasable","12":"product-type-simple"},"yoast_head":"<!-- This site is optimized with the Yoast SEO plugin v27.5 - https:\/\/yoast.com\/product\/yoast-seo-wordpress\/ -->\n<title>Kit Durezas y Grietas Feet Calm - Voil\u00e0 Beauty<\/title>\n<meta name=\"robots\" content=\"index, follow, max-snippet:-1, max-image-preview:large, max-video-preview:-1\" \/>\n<link rel=\"canonical\" href=\"https:\/\/voilabeauty.com\/tienda\/cremas\/kit-durezas-y-grietas-feet-calm\/\" \/>\n<meta property=\"og:locale\" content=\"en_US\" \/>\n<meta property=\"og:type\" content=\"article\" \/>\n<meta property=\"og:title\" content=\"Kit Durezas y Grietas Feet Calm - Voil\u00e0 Beauty\" \/>\n<meta property=\"og:description\" content=\"Kit con 3 productos esenciales para REPARAR, REGENERAR e HIDRATAR la piel seca con callos y grietas. Pies perfectos en tan solo 3 pasos. Contiene: -ULTRA REPAIR CONCENTRATE, 7x2ml: Ampolla con 30%UREA que reduce el engrosamiento y trata afecciones de piel muy seca como eczema, psoriasis, callos, grietas. -MOUSSE TALONES AGRIETADOS, 75ml: Crema en espuma [&hellip;]\" \/>\n<meta property=\"og:url\" content=\"https:\/\/voilabeauty.com\/tienda\/cremas\/kit-durezas-y-grietas-feet-calm\/\" \/>\n<meta property=\"og:site_name\" content=\"Voil\u00e0 Beauty\" \/>\n<meta property=\"article:modified_time\" content=\"2024-04-22T20:08:04+00:00\" \/>\n<meta property=\"og:image\" content=\"https:\/\/voilabeauty.com\/wp-content\/uploads\/2024\/01\/kit-durezas-y-grietas-1.jpg.png\" \/>\n\t<meta property=\"og:image:width\" content=\"800\" \/>\n\t<meta property=\"og:image:height\" content=\"800\" \/>\n\t<meta property=\"og:image:type\" content=\"image\/png\" \/>\n<meta name=\"twitter:card\" content=\"summary_large_image\" \/>\n<meta name=\"twitter:label1\" content=\"Est. reading time\" \/>\n\t<meta name=\"twitter:data1\" content=\"1 minute\" \/>\n<script type=\"application\/ld+json\" class=\"yoast-schema-graph\">{\"@context\":\"https:\\\/\\\/schema.org\",\"@graph\":[{\"@type\":\"WebPage\",\"@id\":\"https:\\\/\\\/voilabeauty.com\\\/tienda\\\/cremas\\\/kit-durezas-y-grietas-feet-calm\\\/\",\"url\":\"https:\\\/\\\/voilabeauty.com\\\/tienda\\\/cremas\\\/kit-durezas-y-grietas-feet-calm\\\/\",\"name\":\"Kit Durezas y Grietas Feet Calm - Voil\u00e0 Beauty\",\"isPartOf\":{\"@id\":\"https:\\\/\\\/voilabeauty.com\\\/#website\"},\"primaryImageOfPage\":{\"@id\":\"https:\\\/\\\/voilabeauty.com\\\/tienda\\\/cremas\\\/kit-durezas-y-grietas-feet-calm\\\/#primaryimage\"},\"image\":{\"@id\":\"https:\\\/\\\/voilabeauty.com\\\/tienda\\\/cremas\\\/kit-durezas-y-grietas-feet-calm\\\/#primaryimage\"},\"thumbnailUrl\":\"https:\\\/\\\/voilabeauty.com\\\/wp-content\\\/uploads\\\/2024\\\/01\\\/kit-durezas-y-grietas-1.jpg.png\",\"datePublished\":\"2024-01-25T12:24:23+00:00\",\"dateModified\":\"2024-04-22T20:08:04+00:00\",\"breadcrumb\":{\"@id\":\"https:\\\/\\\/voilabeauty.com\\\/tienda\\\/cremas\\\/kit-durezas-y-grietas-feet-calm\\\/#breadcrumb\"},\"inLanguage\":\"en-US\",\"potentialAction\":[{\"@type\":\"ReadAction\",\"target\":[\"https:\\\/\\\/voilabeauty.com\\\/tienda\\\/cremas\\\/kit-durezas-y-grietas-feet-calm\\\/\"]}]},{\"@type\":\"ImageObject\",\"inLanguage\":\"en-US\",\"@id\":\"https:\\\/\\\/voilabeauty.com\\\/tienda\\\/cremas\\\/kit-durezas-y-grietas-feet-calm\\\/#primaryimage\",\"url\":\"https:\\\/\\\/voilabeauty.com\\\/wp-content\\\/uploads\\\/2024\\\/01\\\/kit-durezas-y-grietas-1.jpg.png\",\"contentUrl\":\"https:\\\/\\\/voilabeauty.com\\\/wp-content\\\/uploads\\\/2024\\\/01\\\/kit-durezas-y-grietas-1.jpg.png\",\"width\":800,\"height\":800},{\"@type\":\"BreadcrumbList\",\"@id\":\"https:\\\/\\\/voilabeauty.com\\\/tienda\\\/cremas\\\/kit-durezas-y-grietas-feet-calm\\\/#breadcrumb\",\"itemListElement\":[{\"@type\":\"ListItem\",\"position\":1,\"name\":\"Portada\",\"item\":\"https:\\\/\\\/voilabeauty.com\\\/en\\\/home\\\/\"},{\"@type\":\"ListItem\",\"position\":2,\"name\":\"Productos\",\"item\":\"https:\\\/\\\/voilabeauty.com\\\/tienda__trashed\\\/\"},{\"@type\":\"ListItem\",\"position\":3,\"name\":\"Kit Durezas y Grietas Feet Calm\"}]},{\"@type\":\"WebSite\",\"@id\":\"https:\\\/\\\/voilabeauty.com\\\/#website\",\"url\":\"https:\\\/\\\/voilabeauty.com\\\/\",\"name\":\"Voil\u00e0 Beauty\",\"description\":\"Centro de belleza exclusivo en Barcelona\",\"potentialAction\":[{\"@type\":\"SearchAction\",\"target\":{\"@type\":\"EntryPoint\",\"urlTemplate\":\"https:\\\/\\\/voilabeauty.com\\\/?s={search_term_string}\"},\"query-input\":{\"@type\":\"PropertyValueSpecification\",\"valueRequired\":true,\"valueName\":\"search_term_string\"}}],\"inLanguage\":\"en-US\"}]}<\/script>\n<!-- \/ Yoast SEO plugin. -->","yoast_head_json":{"title":"Kit Durezas y Grietas Feet Calm - Voil\u00e0 Beauty","robots":{"index":"index","follow":"follow","max-snippet":"max-snippet:-1","max-image-preview":"max-image-preview:large","max-video-preview":"max-video-preview:-1"},"canonical":"https:\/\/voilabeauty.com\/tienda\/cremas\/kit-durezas-y-grietas-feet-calm\/","og_locale":"en_US","og_type":"article","og_title":"Kit Durezas y Grietas Feet Calm - Voil\u00e0 Beauty","og_description":"Kit con 3 productos esenciales para REPARAR, REGENERAR e HIDRATAR la piel seca con callos y grietas. Pies perfectos en tan solo 3 pasos. Contiene: -ULTRA REPAIR CONCENTRATE, 7x2ml: Ampolla con 30%UREA que reduce el engrosamiento y trata afecciones de piel muy seca como eczema, psoriasis, callos, grietas. -MOUSSE TALONES AGRIETADOS, 75ml: Crema en espuma [&hellip;]","og_url":"https:\/\/voilabeauty.com\/tienda\/cremas\/kit-durezas-y-grietas-feet-calm\/","og_site_name":"Voil\u00e0 Beauty","article_modified_time":"2024-04-22T20:08:04+00:00","og_image":[{"width":800,"height":800,"url":"https:\/\/voilabeauty.com\/wp-content\/uploads\/2024\/01\/kit-durezas-y-grietas-1.jpg.png","type":"image\/png"}],"twitter_card":"summary_large_image","twitter_misc":{"Est. reading time":"1 minute"},"schema":{"@context":"https:\/\/schema.org","@graph":[{"@type":"WebPage","@id":"https:\/\/voilabeauty.com\/tienda\/cremas\/kit-durezas-y-grietas-feet-calm\/","url":"https:\/\/voilabeauty.com\/tienda\/cremas\/kit-durezas-y-grietas-feet-calm\/","name":"Kit Durezas y Grietas Feet Calm - Voil\u00e0 Beauty","isPartOf":{"@id":"https:\/\/voilabeauty.com\/#website"},"primaryImageOfPage":{"@id":"https:\/\/voilabeauty.com\/tienda\/cremas\/kit-durezas-y-grietas-feet-calm\/#primaryimage"},"image":{"@id":"https:\/\/voilabeauty.com\/tienda\/cremas\/kit-durezas-y-grietas-feet-calm\/#primaryimage"},"thumbnailUrl":"https:\/\/voilabeauty.com\/wp-content\/uploads\/2024\/01\/kit-durezas-y-grietas-1.jpg.png","datePublished":"2024-01-25T12:24:23+00:00","dateModified":"2024-04-22T20:08:04+00:00","breadcrumb":{"@id":"https:\/\/voilabeauty.com\/tienda\/cremas\/kit-durezas-y-grietas-feet-calm\/#breadcrumb"},"inLanguage":"en-US","potentialAction":[{"@type":"ReadAction","target":["https:\/\/voilabeauty.com\/tienda\/cremas\/kit-durezas-y-grietas-feet-calm\/"]}]},{"@type":"ImageObject","inLanguage":"en-US","@id":"https:\/\/voilabeauty.com\/tienda\/cremas\/kit-durezas-y-grietas-feet-calm\/#primaryimage","url":"https:\/\/voilabeauty.com\/wp-content\/uploads\/2024\/01\/kit-durezas-y-grietas-1.jpg.png","contentUrl":"https:\/\/voilabeauty.com\/wp-content\/uploads\/2024\/01\/kit-durezas-y-grietas-1.jpg.png","width":800,"height":800},{"@type":"BreadcrumbList","@id":"https:\/\/voilabeauty.com\/tienda\/cremas\/kit-durezas-y-grietas-feet-calm\/#breadcrumb","itemListElement":[{"@type":"ListItem","position":1,"name":"Portada","item":"https:\/\/voilabeauty.com\/en\/home\/"},{"@type":"ListItem","position":2,"name":"Productos","item":"https:\/\/voilabeauty.com\/tienda__trashed\/"},{"@type":"ListItem","position":3,"name":"Kit Durezas y Grietas Feet Calm"}]},{"@type":"WebSite","@id":"https:\/\/voilabeauty.com\/#website","url":"https:\/\/voilabeauty.com\/","name":"Voil\u00e0 Beauty","description":"Centro de belleza exclusivo en Barcelona","potentialAction":[{"@type":"SearchAction","target":{"@type":"EntryPoint","urlTemplate":"https:\/\/voilabeauty.com\/?s={search_term_string}"},"query-input":{"@type":"PropertyValueSpecification","valueRequired":true,"valueName":"search_term_string"}}],"inLanguage":"en-US"}]}},"_links":{"self":[{"href":"https:\/\/voilabeauty.com\/en\/wp-json\/wp\/v2\/product\/2484","targetHints":{"allow":["GET"]}}],"collection":[{"href":"https:\/\/voilabeauty.com\/en\/wp-json\/wp\/v2\/product"}],"about":[{"href":"https:\/\/voilabeauty.com\/en\/wp-json\/wp\/v2\/types\/product"}],"replies":[{"embeddable":true,"href":"https:\/\/voilabeauty.com\/en\/wp-json\/wp\/v2\/comments?post=2484"}],"wp:featuredmedia":[{"embeddable":true,"href":"https:\/\/voilabeauty.com\/en\/wp-json\/wp\/v2\/media\/2488"}],"wp:attachment":[{"href":"https:\/\/voilabeauty.com\/en\/wp-json\/wp\/v2\/media?parent=2484"}],"wp:term":[{"taxonomy":"product_brand","embeddable":true,"href":"https:\/\/voilabeauty.com\/en\/wp-json\/wp\/v2\/product_brand?post=2484"},{"taxonomy":"product_cat","embeddable":true,"href":"https:\/\/voilabeauty.com\/en\/wp-json\/wp\/v2\/product_cat?post=2484"},{"taxonomy":"product_tag","embeddable":true,"href":"https:\/\/voilabeauty.com\/en\/wp-json\/wp\/v2\/product_tag?post=2484"}],"curies":[{"name":"wp","href":"https:\/\/api.w.org\/{rel}","templated":true}]}}