{"id":2114,"date":"2024-01-10T19:43:48","date_gmt":"2024-01-10T18:43:48","guid":{"rendered":"https:\/\/voilabeauty.com\/?post_type=product&#038;p=2114"},"modified":"2024-04-22T21:57:12","modified_gmt":"2024-04-22T19:57:12","slug":"sleeping-cure-timexpert-srns","status":"publish","type":"product","link":"https:\/\/voilabeauty.com\/en\/tienda\/cremas\/sleeping-cure-timexpert-srns\/","title":{"rendered":"Sleeping Cure | Timexpert SRNS"},"content":{"rendered":"<p>Sleeping-Cure re\u00fane un potente c\u00f3ctel de ingredientes de alta calidad que son capaces de combatir los efectos de la fatiga y el envejecimiento en la piel en tan solo 10 d\u00edas , actuando desde varios frentes:<br \/>\nCURA DETOXIFICANTE. Un poderoso complejo, D-Tox Control, estimula los dos mecanismos clave de purificaci\u00f3n cut\u00e1nea, vitales para recuperar la juventud y luminosidad de la piel.<br \/>\nCURA ANTIOXIDANTE. Una alianza de ingredientes de alta tecnolog\u00eda con excepcional poder antioxidante; Zinc-Glycine Complex (Premio IFSCC), optimizar\u00e1 el Capital Estr\u00e9s de la piel por la noche. la Carcinina, por su parte, ayudar\u00e1 a bloquear los procesos oxidativos y de glicaci\u00f3n cut\u00e1nea. Profundamente reforzada, la piel aumenta su capacidad de regeneraci\u00f3n.<br \/>\nCURA CALMANTE. Una eficaz combinaci\u00f3n de 8 extractos vegetales con propiedades relajantes y suavizantes ayudar\u00e1n a reducir rojeces e irritaciones originadas por las agresiones diarias.<br \/>\nCURA HIDRATANTE Y FORTALECEDORA DE LA BARRERA EPID\u00c9RMICA. Los P\u00e9ptidos de Aguacate contribuir\u00e1n a hidratar profundamente la piel y reforzar sus defensas.<\/p>\n<p>BENEFICIOS:<\/p>\n<p>-Desde el primer despertar, la piel est\u00e1 m\u00e1s bella, m\u00e1s fresca, como purificada. Sin el aspecto cetrino y apagado propio de las pieles intoxicadas. Relajada, calmada, sin rojeces, sin signos de cansancio. Luminosa, con los rasgos reposados, con aspecto vital. M\u00e1s tersa, con una mejora en la calidad.<br \/>\n-Tras 10 d\u00edas, la piel ha aumentado su volumen interno, su densidad. Su microrrelieve se ha alisado, arrugas y l\u00edneas m\u00e1s difuminadas. Est\u00e1 m\u00e1s flexible, tersa e hidratada, con sensaci\u00f3n de confort. Ha recuperado su energ\u00eda y se beneficia mejor de los tratamientos diarios. Se siente m\u00e1s suave y aterciopelada.<\/p>\n","protected":false},"excerpt":{"rendered":"<p>Sleeping-Cure re\u00fane un potente c\u00f3ctel de ingredientes de alta calidad que son capaces de combatir los efectos de la fatiga y el envejecimiento en la piel en tan solo 10 d\u00edas , actuando desde varios frentes: CURA DETOXIFICANTE. Un poderoso complejo, D-Tox Control, estimula los dos mecanismos clave de purificaci\u00f3n cut\u00e1nea, vitales para recuperar la [&hellip;]<\/p>\n","protected":false},"featured_media":2115,"comment_status":"open","ping_status":"closed","template":"","meta":{"_joinchat":[]},"product_brand":[],"product_cat":[66],"product_tag":[],"class_list":{"0":"post-2114","1":"product","2":"type-product","3":"status-publish","4":"has-post-thumbnail","6":"product_cat-cremas","8":"first","9":"instock","10":"shipping-taxable","11":"purchasable","12":"product-type-simple"},"yoast_head":"<!-- This site is optimized with the Yoast SEO plugin v27.5 - https:\/\/yoast.com\/product\/yoast-seo-wordpress\/ -->\n<title>Sleeping Cure | Timexpert SRNS - Voil\u00e0 Beauty<\/title>\n<meta name=\"robots\" content=\"index, follow, max-snippet:-1, max-image-preview:large, max-video-preview:-1\" \/>\n<link rel=\"canonical\" href=\"https:\/\/voilabeauty.com\/tienda\/cremas\/sleeping-cure-timexpert-srns\/\" \/>\n<meta property=\"og:locale\" content=\"en_US\" \/>\n<meta property=\"og:type\" content=\"article\" \/>\n<meta property=\"og:title\" content=\"Sleeping Cure | Timexpert SRNS - Voil\u00e0 Beauty\" \/>\n<meta property=\"og:description\" content=\"Sleeping-Cure re\u00fane un potente c\u00f3ctel de ingredientes de alta calidad que son capaces de combatir los efectos de la fatiga y el envejecimiento en la piel en tan solo 10 d\u00edas , actuando desde varios frentes: CURA DETOXIFICANTE. Un poderoso complejo, D-Tox Control, estimula los dos mecanismos clave de purificaci\u00f3n cut\u00e1nea, vitales para recuperar la [&hellip;]\" \/>\n<meta property=\"og:url\" content=\"https:\/\/voilabeauty.com\/tienda\/cremas\/sleeping-cure-timexpert-srns\/\" \/>\n<meta property=\"og:site_name\" content=\"Voil\u00e0 Beauty\" \/>\n<meta property=\"article:modified_time\" content=\"2024-04-22T19:57:12+00:00\" \/>\n<meta property=\"og:image\" content=\"https:\/\/voilabeauty.com\/wp-content\/uploads\/2024\/01\/00480791_1.jpg.webp\" \/>\n\t<meta property=\"og:image:width\" content=\"700\" \/>\n\t<meta property=\"og:image:height\" content=\"700\" \/>\n\t<meta property=\"og:image:type\" content=\"image\/webp\" \/>\n<meta name=\"twitter:card\" content=\"summary_large_image\" \/>\n<meta name=\"twitter:label1\" content=\"Est. reading time\" \/>\n\t<meta name=\"twitter:data1\" content=\"2 minutes\" \/>\n<script type=\"application\/ld+json\" class=\"yoast-schema-graph\">{\"@context\":\"https:\\\/\\\/schema.org\",\"@graph\":[{\"@type\":\"WebPage\",\"@id\":\"https:\\\/\\\/voilabeauty.com\\\/tienda\\\/cremas\\\/sleeping-cure-timexpert-srns\\\/\",\"url\":\"https:\\\/\\\/voilabeauty.com\\\/tienda\\\/cremas\\\/sleeping-cure-timexpert-srns\\\/\",\"name\":\"Sleeping Cure | Timexpert SRNS - Voil\u00e0 Beauty\",\"isPartOf\":{\"@id\":\"https:\\\/\\\/voilabeauty.com\\\/#website\"},\"primaryImageOfPage\":{\"@id\":\"https:\\\/\\\/voilabeauty.com\\\/tienda\\\/cremas\\\/sleeping-cure-timexpert-srns\\\/#primaryimage\"},\"image\":{\"@id\":\"https:\\\/\\\/voilabeauty.com\\\/tienda\\\/cremas\\\/sleeping-cure-timexpert-srns\\\/#primaryimage\"},\"thumbnailUrl\":\"https:\\\/\\\/voilabeauty.com\\\/wp-content\\\/uploads\\\/2024\\\/01\\\/00480791_1.jpg.webp\",\"datePublished\":\"2024-01-10T18:43:48+00:00\",\"dateModified\":\"2024-04-22T19:57:12+00:00\",\"breadcrumb\":{\"@id\":\"https:\\\/\\\/voilabeauty.com\\\/tienda\\\/cremas\\\/sleeping-cure-timexpert-srns\\\/#breadcrumb\"},\"inLanguage\":\"en-US\",\"potentialAction\":[{\"@type\":\"ReadAction\",\"target\":[\"https:\\\/\\\/voilabeauty.com\\\/tienda\\\/cremas\\\/sleeping-cure-timexpert-srns\\\/\"]}]},{\"@type\":\"ImageObject\",\"inLanguage\":\"en-US\",\"@id\":\"https:\\\/\\\/voilabeauty.com\\\/tienda\\\/cremas\\\/sleeping-cure-timexpert-srns\\\/#primaryimage\",\"url\":\"https:\\\/\\\/voilabeauty.com\\\/wp-content\\\/uploads\\\/2024\\\/01\\\/00480791_1.jpg.webp\",\"contentUrl\":\"https:\\\/\\\/voilabeauty.com\\\/wp-content\\\/uploads\\\/2024\\\/01\\\/00480791_1.jpg.webp\",\"width\":700,\"height\":700},{\"@type\":\"BreadcrumbList\",\"@id\":\"https:\\\/\\\/voilabeauty.com\\\/tienda\\\/cremas\\\/sleeping-cure-timexpert-srns\\\/#breadcrumb\",\"itemListElement\":[{\"@type\":\"ListItem\",\"position\":1,\"name\":\"Portada\",\"item\":\"https:\\\/\\\/voilabeauty.com\\\/en\\\/home\\\/\"},{\"@type\":\"ListItem\",\"position\":2,\"name\":\"Productos\",\"item\":\"https:\\\/\\\/voilabeauty.com\\\/tienda__trashed\\\/\"},{\"@type\":\"ListItem\",\"position\":3,\"name\":\"Sleeping Cure | Timexpert SRNS\"}]},{\"@type\":\"WebSite\",\"@id\":\"https:\\\/\\\/voilabeauty.com\\\/#website\",\"url\":\"https:\\\/\\\/voilabeauty.com\\\/\",\"name\":\"Voil\u00e0 Beauty\",\"description\":\"Centro de belleza exclusivo en Barcelona\",\"potentialAction\":[{\"@type\":\"SearchAction\",\"target\":{\"@type\":\"EntryPoint\",\"urlTemplate\":\"https:\\\/\\\/voilabeauty.com\\\/?s={search_term_string}\"},\"query-input\":{\"@type\":\"PropertyValueSpecification\",\"valueRequired\":true,\"valueName\":\"search_term_string\"}}],\"inLanguage\":\"en-US\"}]}<\/script>\n<!-- \/ Yoast SEO plugin. -->","yoast_head_json":{"title":"Sleeping Cure | Timexpert SRNS - Voil\u00e0 Beauty","robots":{"index":"index","follow":"follow","max-snippet":"max-snippet:-1","max-image-preview":"max-image-preview:large","max-video-preview":"max-video-preview:-1"},"canonical":"https:\/\/voilabeauty.com\/tienda\/cremas\/sleeping-cure-timexpert-srns\/","og_locale":"en_US","og_type":"article","og_title":"Sleeping Cure | Timexpert SRNS - Voil\u00e0 Beauty","og_description":"Sleeping-Cure re\u00fane un potente c\u00f3ctel de ingredientes de alta calidad que son capaces de combatir los efectos de la fatiga y el envejecimiento en la piel en tan solo 10 d\u00edas , actuando desde varios frentes: CURA DETOXIFICANTE. Un poderoso complejo, D-Tox Control, estimula los dos mecanismos clave de purificaci\u00f3n cut\u00e1nea, vitales para recuperar la [&hellip;]","og_url":"https:\/\/voilabeauty.com\/tienda\/cremas\/sleeping-cure-timexpert-srns\/","og_site_name":"Voil\u00e0 Beauty","article_modified_time":"2024-04-22T19:57:12+00:00","og_image":[{"width":700,"height":700,"url":"https:\/\/voilabeauty.com\/wp-content\/uploads\/2024\/01\/00480791_1.jpg.webp","type":"image\/webp"}],"twitter_card":"summary_large_image","twitter_misc":{"Est. reading time":"2 minutes"},"schema":{"@context":"https:\/\/schema.org","@graph":[{"@type":"WebPage","@id":"https:\/\/voilabeauty.com\/tienda\/cremas\/sleeping-cure-timexpert-srns\/","url":"https:\/\/voilabeauty.com\/tienda\/cremas\/sleeping-cure-timexpert-srns\/","name":"Sleeping Cure | Timexpert SRNS - Voil\u00e0 Beauty","isPartOf":{"@id":"https:\/\/voilabeauty.com\/#website"},"primaryImageOfPage":{"@id":"https:\/\/voilabeauty.com\/tienda\/cremas\/sleeping-cure-timexpert-srns\/#primaryimage"},"image":{"@id":"https:\/\/voilabeauty.com\/tienda\/cremas\/sleeping-cure-timexpert-srns\/#primaryimage"},"thumbnailUrl":"https:\/\/voilabeauty.com\/wp-content\/uploads\/2024\/01\/00480791_1.jpg.webp","datePublished":"2024-01-10T18:43:48+00:00","dateModified":"2024-04-22T19:57:12+00:00","breadcrumb":{"@id":"https:\/\/voilabeauty.com\/tienda\/cremas\/sleeping-cure-timexpert-srns\/#breadcrumb"},"inLanguage":"en-US","potentialAction":[{"@type":"ReadAction","target":["https:\/\/voilabeauty.com\/tienda\/cremas\/sleeping-cure-timexpert-srns\/"]}]},{"@type":"ImageObject","inLanguage":"en-US","@id":"https:\/\/voilabeauty.com\/tienda\/cremas\/sleeping-cure-timexpert-srns\/#primaryimage","url":"https:\/\/voilabeauty.com\/wp-content\/uploads\/2024\/01\/00480791_1.jpg.webp","contentUrl":"https:\/\/voilabeauty.com\/wp-content\/uploads\/2024\/01\/00480791_1.jpg.webp","width":700,"height":700},{"@type":"BreadcrumbList","@id":"https:\/\/voilabeauty.com\/tienda\/cremas\/sleeping-cure-timexpert-srns\/#breadcrumb","itemListElement":[{"@type":"ListItem","position":1,"name":"Portada","item":"https:\/\/voilabeauty.com\/en\/home\/"},{"@type":"ListItem","position":2,"name":"Productos","item":"https:\/\/voilabeauty.com\/tienda__trashed\/"},{"@type":"ListItem","position":3,"name":"Sleeping Cure | Timexpert SRNS"}]},{"@type":"WebSite","@id":"https:\/\/voilabeauty.com\/#website","url":"https:\/\/voilabeauty.com\/","name":"Voil\u00e0 Beauty","description":"Centro de belleza exclusivo en Barcelona","potentialAction":[{"@type":"SearchAction","target":{"@type":"EntryPoint","urlTemplate":"https:\/\/voilabeauty.com\/?s={search_term_string}"},"query-input":{"@type":"PropertyValueSpecification","valueRequired":true,"valueName":"search_term_string"}}],"inLanguage":"en-US"}]}},"_links":{"self":[{"href":"https:\/\/voilabeauty.com\/en\/wp-json\/wp\/v2\/product\/2114","targetHints":{"allow":["GET"]}}],"collection":[{"href":"https:\/\/voilabeauty.com\/en\/wp-json\/wp\/v2\/product"}],"about":[{"href":"https:\/\/voilabeauty.com\/en\/wp-json\/wp\/v2\/types\/product"}],"replies":[{"embeddable":true,"href":"https:\/\/voilabeauty.com\/en\/wp-json\/wp\/v2\/comments?post=2114"}],"wp:featuredmedia":[{"embeddable":true,"href":"https:\/\/voilabeauty.com\/en\/wp-json\/wp\/v2\/media\/2115"}],"wp:attachment":[{"href":"https:\/\/voilabeauty.com\/en\/wp-json\/wp\/v2\/media?parent=2114"}],"wp:term":[{"taxonomy":"product_brand","embeddable":true,"href":"https:\/\/voilabeauty.com\/en\/wp-json\/wp\/v2\/product_brand?post=2114"},{"taxonomy":"product_cat","embeddable":true,"href":"https:\/\/voilabeauty.com\/en\/wp-json\/wp\/v2\/product_cat?post=2114"},{"taxonomy":"product_tag","embeddable":true,"href":"https:\/\/voilabeauty.com\/en\/wp-json\/wp\/v2\/product_tag?post=2114"}],"curies":[{"name":"wp","href":"https:\/\/api.w.org\/{rel}","templated":true}]}}