{"id":2094,"date":"2024-01-10T19:27:20","date_gmt":"2024-01-10T18:27:20","guid":{"rendered":"https:\/\/voilabeauty.com\/?post_type=product&#038;p=2094"},"modified":"2024-04-22T21:56:58","modified_gmt":"2024-04-22T19:56:58","slug":"pro-60-timexpert-srns","status":"publish","type":"product","link":"https:\/\/voilabeauty.com\/en\/tienda\/cremas\/pro-60-timexpert-srns\/","title":{"rendered":"PRO 60+ | Timexpert SRNS"},"content":{"rendered":"<p>Una crema sublime de textura rica y sedosa destinada a mujeres que, rebosantes de vitalidad, reivindican la madurez como la mejor etapa de su vida.<br \/>\nMujeres reales, sin miedo a envejecer, que apuestan por una belleza aut\u00e9ntica.<\/p>\n<p>BENEFICIOS:<\/p>\n<p>-Confort e hidrataci\u00f3n.<br \/>\n-Regeneraci\u00f3n y firmeza.<br \/>\n-Elasticidad y tonicidad, microrrelieve cut\u00e1neo alisado.<br \/>\n-Luminosidad y correcci\u00f3n de manchas pigmentarias.<br \/>\n-Protecci\u00f3n y refuerzo frente a las agresiones medioambientales.<\/p>\n","protected":false},"excerpt":{"rendered":"<p>Una crema sublime de textura rica y sedosa destinada a mujeres que, rebosantes de vitalidad, reivindican la madurez como la mejor etapa de su vida. Mujeres reales, sin miedo a envejecer, que apuestan por una belleza aut\u00e9ntica. BENEFICIOS: -Confort e hidrataci\u00f3n. -Regeneraci\u00f3n y firmeza. -Elasticidad y tonicidad, microrrelieve cut\u00e1neo alisado. -Luminosidad y correcci\u00f3n de manchas [&hellip;]<\/p>\n","protected":false},"featured_media":2095,"comment_status":"open","ping_status":"closed","template":"","meta":{"_joinchat":[]},"product_brand":[],"product_cat":[66],"product_tag":[],"class_list":{"0":"post-2094","1":"product","2":"type-product","3":"status-publish","4":"has-post-thumbnail","6":"product_cat-cremas","8":"first","9":"instock","10":"shipping-taxable","11":"purchasable","12":"product-type-simple"},"yoast_head":"<!-- This site is optimized with the Yoast SEO plugin v27.5 - https:\/\/yoast.com\/product\/yoast-seo-wordpress\/ -->\n<title>PRO 60+ | Timexpert SRNS - Voil\u00e0 Beauty<\/title>\n<meta name=\"robots\" content=\"index, follow, max-snippet:-1, max-image-preview:large, max-video-preview:-1\" \/>\n<link rel=\"canonical\" href=\"https:\/\/voilabeauty.com\/tienda\/cremas\/pro-60-timexpert-srns\/\" \/>\n<meta property=\"og:locale\" content=\"en_US\" \/>\n<meta property=\"og:type\" content=\"article\" \/>\n<meta property=\"og:title\" content=\"PRO 60+ | Timexpert SRNS - Voil\u00e0 Beauty\" \/>\n<meta property=\"og:description\" content=\"Una crema sublime de textura rica y sedosa destinada a mujeres que, rebosantes de vitalidad, reivindican la madurez como la mejor etapa de su vida. Mujeres reales, sin miedo a envejecer, que apuestan por una belleza aut\u00e9ntica. BENEFICIOS: -Confort e hidrataci\u00f3n. -Regeneraci\u00f3n y firmeza. -Elasticidad y tonicidad, microrrelieve cut\u00e1neo alisado. -Luminosidad y correcci\u00f3n de manchas [&hellip;]\" \/>\n<meta property=\"og:url\" content=\"https:\/\/voilabeauty.com\/tienda\/cremas\/pro-60-timexpert-srns\/\" \/>\n<meta property=\"og:site_name\" content=\"Voil\u00e0 Beauty\" \/>\n<meta property=\"article:modified_time\" content=\"2024-04-22T19:56:58+00:00\" \/>\n<meta property=\"og:image\" content=\"https:\/\/voilabeauty.com\/wp-content\/uploads\/2024\/01\/00480668_1.jpg.webp\" \/>\n\t<meta property=\"og:image:width\" content=\"700\" \/>\n\t<meta property=\"og:image:height\" content=\"700\" \/>\n\t<meta property=\"og:image:type\" content=\"image\/webp\" \/>\n<meta name=\"twitter:card\" content=\"summary_large_image\" \/>\n<meta name=\"twitter:label1\" content=\"Est. reading time\" \/>\n\t<meta name=\"twitter:data1\" content=\"1 minute\" \/>\n<script type=\"application\/ld+json\" class=\"yoast-schema-graph\">{\"@context\":\"https:\\\/\\\/schema.org\",\"@graph\":[{\"@type\":\"WebPage\",\"@id\":\"https:\\\/\\\/voilabeauty.com\\\/tienda\\\/cremas\\\/pro-60-timexpert-srns\\\/\",\"url\":\"https:\\\/\\\/voilabeauty.com\\\/tienda\\\/cremas\\\/pro-60-timexpert-srns\\\/\",\"name\":\"PRO 60+ | Timexpert SRNS - Voil\u00e0 Beauty\",\"isPartOf\":{\"@id\":\"https:\\\/\\\/voilabeauty.com\\\/#website\"},\"primaryImageOfPage\":{\"@id\":\"https:\\\/\\\/voilabeauty.com\\\/tienda\\\/cremas\\\/pro-60-timexpert-srns\\\/#primaryimage\"},\"image\":{\"@id\":\"https:\\\/\\\/voilabeauty.com\\\/tienda\\\/cremas\\\/pro-60-timexpert-srns\\\/#primaryimage\"},\"thumbnailUrl\":\"https:\\\/\\\/voilabeauty.com\\\/wp-content\\\/uploads\\\/2024\\\/01\\\/00480668_1.jpg.webp\",\"datePublished\":\"2024-01-10T18:27:20+00:00\",\"dateModified\":\"2024-04-22T19:56:58+00:00\",\"breadcrumb\":{\"@id\":\"https:\\\/\\\/voilabeauty.com\\\/tienda\\\/cremas\\\/pro-60-timexpert-srns\\\/#breadcrumb\"},\"inLanguage\":\"en-US\",\"potentialAction\":[{\"@type\":\"ReadAction\",\"target\":[\"https:\\\/\\\/voilabeauty.com\\\/tienda\\\/cremas\\\/pro-60-timexpert-srns\\\/\"]}]},{\"@type\":\"ImageObject\",\"inLanguage\":\"en-US\",\"@id\":\"https:\\\/\\\/voilabeauty.com\\\/tienda\\\/cremas\\\/pro-60-timexpert-srns\\\/#primaryimage\",\"url\":\"https:\\\/\\\/voilabeauty.com\\\/wp-content\\\/uploads\\\/2024\\\/01\\\/00480668_1.jpg.webp\",\"contentUrl\":\"https:\\\/\\\/voilabeauty.com\\\/wp-content\\\/uploads\\\/2024\\\/01\\\/00480668_1.jpg.webp\",\"width\":700,\"height\":700},{\"@type\":\"BreadcrumbList\",\"@id\":\"https:\\\/\\\/voilabeauty.com\\\/tienda\\\/cremas\\\/pro-60-timexpert-srns\\\/#breadcrumb\",\"itemListElement\":[{\"@type\":\"ListItem\",\"position\":1,\"name\":\"Portada\",\"item\":\"https:\\\/\\\/voilabeauty.com\\\/en\\\/home\\\/\"},{\"@type\":\"ListItem\",\"position\":2,\"name\":\"Productos\",\"item\":\"https:\\\/\\\/voilabeauty.com\\\/tienda__trashed\\\/\"},{\"@type\":\"ListItem\",\"position\":3,\"name\":\"PRO 60+ | Timexpert SRNS\"}]},{\"@type\":\"WebSite\",\"@id\":\"https:\\\/\\\/voilabeauty.com\\\/#website\",\"url\":\"https:\\\/\\\/voilabeauty.com\\\/\",\"name\":\"Voil\u00e0 Beauty\",\"description\":\"Centro de belleza exclusivo en Barcelona\",\"potentialAction\":[{\"@type\":\"SearchAction\",\"target\":{\"@type\":\"EntryPoint\",\"urlTemplate\":\"https:\\\/\\\/voilabeauty.com\\\/?s={search_term_string}\"},\"query-input\":{\"@type\":\"PropertyValueSpecification\",\"valueRequired\":true,\"valueName\":\"search_term_string\"}}],\"inLanguage\":\"en-US\"}]}<\/script>\n<!-- \/ Yoast SEO plugin. -->","yoast_head_json":{"title":"PRO 60+ | Timexpert SRNS - Voil\u00e0 Beauty","robots":{"index":"index","follow":"follow","max-snippet":"max-snippet:-1","max-image-preview":"max-image-preview:large","max-video-preview":"max-video-preview:-1"},"canonical":"https:\/\/voilabeauty.com\/tienda\/cremas\/pro-60-timexpert-srns\/","og_locale":"en_US","og_type":"article","og_title":"PRO 60+ | Timexpert SRNS - Voil\u00e0 Beauty","og_description":"Una crema sublime de textura rica y sedosa destinada a mujeres que, rebosantes de vitalidad, reivindican la madurez como la mejor etapa de su vida. Mujeres reales, sin miedo a envejecer, que apuestan por una belleza aut\u00e9ntica. BENEFICIOS: -Confort e hidrataci\u00f3n. -Regeneraci\u00f3n y firmeza. -Elasticidad y tonicidad, microrrelieve cut\u00e1neo alisado. -Luminosidad y correcci\u00f3n de manchas [&hellip;]","og_url":"https:\/\/voilabeauty.com\/tienda\/cremas\/pro-60-timexpert-srns\/","og_site_name":"Voil\u00e0 Beauty","article_modified_time":"2024-04-22T19:56:58+00:00","og_image":[{"width":700,"height":700,"url":"https:\/\/voilabeauty.com\/wp-content\/uploads\/2024\/01\/00480668_1.jpg.webp","type":"image\/webp"}],"twitter_card":"summary_large_image","twitter_misc":{"Est. reading time":"1 minute"},"schema":{"@context":"https:\/\/schema.org","@graph":[{"@type":"WebPage","@id":"https:\/\/voilabeauty.com\/tienda\/cremas\/pro-60-timexpert-srns\/","url":"https:\/\/voilabeauty.com\/tienda\/cremas\/pro-60-timexpert-srns\/","name":"PRO 60+ | Timexpert SRNS - Voil\u00e0 Beauty","isPartOf":{"@id":"https:\/\/voilabeauty.com\/#website"},"primaryImageOfPage":{"@id":"https:\/\/voilabeauty.com\/tienda\/cremas\/pro-60-timexpert-srns\/#primaryimage"},"image":{"@id":"https:\/\/voilabeauty.com\/tienda\/cremas\/pro-60-timexpert-srns\/#primaryimage"},"thumbnailUrl":"https:\/\/voilabeauty.com\/wp-content\/uploads\/2024\/01\/00480668_1.jpg.webp","datePublished":"2024-01-10T18:27:20+00:00","dateModified":"2024-04-22T19:56:58+00:00","breadcrumb":{"@id":"https:\/\/voilabeauty.com\/tienda\/cremas\/pro-60-timexpert-srns\/#breadcrumb"},"inLanguage":"en-US","potentialAction":[{"@type":"ReadAction","target":["https:\/\/voilabeauty.com\/tienda\/cremas\/pro-60-timexpert-srns\/"]}]},{"@type":"ImageObject","inLanguage":"en-US","@id":"https:\/\/voilabeauty.com\/tienda\/cremas\/pro-60-timexpert-srns\/#primaryimage","url":"https:\/\/voilabeauty.com\/wp-content\/uploads\/2024\/01\/00480668_1.jpg.webp","contentUrl":"https:\/\/voilabeauty.com\/wp-content\/uploads\/2024\/01\/00480668_1.jpg.webp","width":700,"height":700},{"@type":"BreadcrumbList","@id":"https:\/\/voilabeauty.com\/tienda\/cremas\/pro-60-timexpert-srns\/#breadcrumb","itemListElement":[{"@type":"ListItem","position":1,"name":"Portada","item":"https:\/\/voilabeauty.com\/en\/home\/"},{"@type":"ListItem","position":2,"name":"Productos","item":"https:\/\/voilabeauty.com\/tienda__trashed\/"},{"@type":"ListItem","position":3,"name":"PRO 60+ | Timexpert SRNS"}]},{"@type":"WebSite","@id":"https:\/\/voilabeauty.com\/#website","url":"https:\/\/voilabeauty.com\/","name":"Voil\u00e0 Beauty","description":"Centro de belleza exclusivo en Barcelona","potentialAction":[{"@type":"SearchAction","target":{"@type":"EntryPoint","urlTemplate":"https:\/\/voilabeauty.com\/?s={search_term_string}"},"query-input":{"@type":"PropertyValueSpecification","valueRequired":true,"valueName":"search_term_string"}}],"inLanguage":"en-US"}]}},"_links":{"self":[{"href":"https:\/\/voilabeauty.com\/en\/wp-json\/wp\/v2\/product\/2094","targetHints":{"allow":["GET"]}}],"collection":[{"href":"https:\/\/voilabeauty.com\/en\/wp-json\/wp\/v2\/product"}],"about":[{"href":"https:\/\/voilabeauty.com\/en\/wp-json\/wp\/v2\/types\/product"}],"replies":[{"embeddable":true,"href":"https:\/\/voilabeauty.com\/en\/wp-json\/wp\/v2\/comments?post=2094"}],"wp:featuredmedia":[{"embeddable":true,"href":"https:\/\/voilabeauty.com\/en\/wp-json\/wp\/v2\/media\/2095"}],"wp:attachment":[{"href":"https:\/\/voilabeauty.com\/en\/wp-json\/wp\/v2\/media?parent=2094"}],"wp:term":[{"taxonomy":"product_brand","embeddable":true,"href":"https:\/\/voilabeauty.com\/en\/wp-json\/wp\/v2\/product_brand?post=2094"},{"taxonomy":"product_cat","embeddable":true,"href":"https:\/\/voilabeauty.com\/en\/wp-json\/wp\/v2\/product_cat?post=2094"},{"taxonomy":"product_tag","embeddable":true,"href":"https:\/\/voilabeauty.com\/en\/wp-json\/wp\/v2\/product_tag?post=2094"}],"curies":[{"name":"wp","href":"https:\/\/api.w.org\/{rel}","templated":true}]}}