{"id":2090,"date":"2024-01-10T19:25:02","date_gmt":"2024-01-10T18:25:02","guid":{"rendered":"https:\/\/voilabeauty.com\/?post_type=product&#038;p=2090"},"modified":"2024-04-22T21:56:54","modified_gmt":"2024-04-22T19:56:54","slug":"crema-confort-alta-recuperacion-timexpert-srns","status":"publish","type":"product","link":"https:\/\/voilabeauty.com\/en\/tienda\/cremas\/crema-confort-alta-recuperacion-timexpert-srns\/","title":{"rendered":"Crema Confort Alta Recuperaci\u00f3n | Timexpert SRNS"},"content":{"rendered":"<p>Crema de textura aterciopelada que durante la noche act\u00faa como \u201crefuerzo energ\u00e9tico\u201d de la piel madura para as\u00ed optimizar su Capital Estr\u00e9s, agredido durante el d\u00eda por los ataques constantes de las agresiones medioambientales.<br \/>\nContiene activos revolucionarios que previenen el envejecimiento adem\u00e1s de aportar un suplemento energ\u00e9tico a las c\u00e9lulas cut\u00e1neas, maximizando la renovaci\u00f3n de la piel durante la noche.<\/p>\n<p>BENEFICIOS:<\/p>\n<p>-Aporta firmeza, confort, tersura, redensifica la piel e iguala el tono.<br \/>\n-La piel recobra de inmediato un gran confort.<\/p>\n","protected":false},"excerpt":{"rendered":"<p>Crema de textura aterciopelada que durante la noche act\u00faa como \u201crefuerzo energ\u00e9tico\u201d de la piel madura para as\u00ed optimizar su Capital Estr\u00e9s, agredido durante el d\u00eda por los ataques constantes de las agresiones medioambientales. Contiene activos revolucionarios que previenen el envejecimiento adem\u00e1s de aportar un suplemento energ\u00e9tico a las c\u00e9lulas cut\u00e1neas, maximizando la renovaci\u00f3n de [&hellip;]<\/p>\n","protected":false},"featured_media":2091,"comment_status":"open","ping_status":"closed","template":"","meta":{"_joinchat":[]},"product_brand":[],"product_cat":[66],"product_tag":[],"class_list":{"0":"post-2090","1":"product","2":"type-product","3":"status-publish","4":"has-post-thumbnail","6":"product_cat-cremas","8":"first","9":"instock","10":"shipping-taxable","11":"purchasable","12":"product-type-simple"},"yoast_head":"<!-- This site is optimized with the Yoast SEO plugin v27.5 - https:\/\/yoast.com\/product\/yoast-seo-wordpress\/ -->\n<title>Crema Confort Alta Recuperaci\u00f3n | Timexpert SRNS - Voil\u00e0 Beauty<\/title>\n<meta name=\"robots\" content=\"index, follow, max-snippet:-1, max-image-preview:large, max-video-preview:-1\" \/>\n<link rel=\"canonical\" href=\"https:\/\/voilabeauty.com\/tienda\/cremas\/crema-confort-alta-recuperacion-timexpert-srns\/\" \/>\n<meta property=\"og:locale\" content=\"en_US\" \/>\n<meta property=\"og:type\" content=\"article\" \/>\n<meta property=\"og:title\" content=\"Crema Confort Alta Recuperaci\u00f3n | Timexpert SRNS - Voil\u00e0 Beauty\" \/>\n<meta property=\"og:description\" content=\"Crema de textura aterciopelada que durante la noche act\u00faa como \u201crefuerzo energ\u00e9tico\u201d de la piel madura para as\u00ed optimizar su Capital Estr\u00e9s, agredido durante el d\u00eda por los ataques constantes de las agresiones medioambientales. Contiene activos revolucionarios que previenen el envejecimiento adem\u00e1s de aportar un suplemento energ\u00e9tico a las c\u00e9lulas cut\u00e1neas, maximizando la renovaci\u00f3n de [&hellip;]\" \/>\n<meta property=\"og:url\" content=\"https:\/\/voilabeauty.com\/tienda\/cremas\/crema-confort-alta-recuperacion-timexpert-srns\/\" \/>\n<meta property=\"og:site_name\" content=\"Voil\u00e0 Beauty\" \/>\n<meta property=\"article:modified_time\" content=\"2024-04-22T19:56:54+00:00\" \/>\n<meta property=\"og:image\" content=\"https:\/\/voilabeauty.com\/wp-content\/uploads\/2024\/01\/00480115_1.jpg.webp\" \/>\n\t<meta property=\"og:image:width\" content=\"700\" \/>\n\t<meta property=\"og:image:height\" content=\"700\" \/>\n\t<meta property=\"og:image:type\" content=\"image\/webp\" \/>\n<meta name=\"twitter:card\" content=\"summary_large_image\" \/>\n<meta name=\"twitter:label1\" content=\"Est. reading time\" \/>\n\t<meta name=\"twitter:data1\" content=\"1 minute\" \/>\n<script type=\"application\/ld+json\" class=\"yoast-schema-graph\">{\"@context\":\"https:\\\/\\\/schema.org\",\"@graph\":[{\"@type\":\"WebPage\",\"@id\":\"https:\\\/\\\/voilabeauty.com\\\/tienda\\\/cremas\\\/crema-confort-alta-recuperacion-timexpert-srns\\\/\",\"url\":\"https:\\\/\\\/voilabeauty.com\\\/tienda\\\/cremas\\\/crema-confort-alta-recuperacion-timexpert-srns\\\/\",\"name\":\"Crema Confort Alta Recuperaci\u00f3n | Timexpert SRNS - Voil\u00e0 Beauty\",\"isPartOf\":{\"@id\":\"https:\\\/\\\/voilabeauty.com\\\/#website\"},\"primaryImageOfPage\":{\"@id\":\"https:\\\/\\\/voilabeauty.com\\\/tienda\\\/cremas\\\/crema-confort-alta-recuperacion-timexpert-srns\\\/#primaryimage\"},\"image\":{\"@id\":\"https:\\\/\\\/voilabeauty.com\\\/tienda\\\/cremas\\\/crema-confort-alta-recuperacion-timexpert-srns\\\/#primaryimage\"},\"thumbnailUrl\":\"https:\\\/\\\/voilabeauty.com\\\/wp-content\\\/uploads\\\/2024\\\/01\\\/00480115_1.jpg.webp\",\"datePublished\":\"2024-01-10T18:25:02+00:00\",\"dateModified\":\"2024-04-22T19:56:54+00:00\",\"breadcrumb\":{\"@id\":\"https:\\\/\\\/voilabeauty.com\\\/tienda\\\/cremas\\\/crema-confort-alta-recuperacion-timexpert-srns\\\/#breadcrumb\"},\"inLanguage\":\"en-US\",\"potentialAction\":[{\"@type\":\"ReadAction\",\"target\":[\"https:\\\/\\\/voilabeauty.com\\\/tienda\\\/cremas\\\/crema-confort-alta-recuperacion-timexpert-srns\\\/\"]}]},{\"@type\":\"ImageObject\",\"inLanguage\":\"en-US\",\"@id\":\"https:\\\/\\\/voilabeauty.com\\\/tienda\\\/cremas\\\/crema-confort-alta-recuperacion-timexpert-srns\\\/#primaryimage\",\"url\":\"https:\\\/\\\/voilabeauty.com\\\/wp-content\\\/uploads\\\/2024\\\/01\\\/00480115_1.jpg.webp\",\"contentUrl\":\"https:\\\/\\\/voilabeauty.com\\\/wp-content\\\/uploads\\\/2024\\\/01\\\/00480115_1.jpg.webp\",\"width\":700,\"height\":700},{\"@type\":\"BreadcrumbList\",\"@id\":\"https:\\\/\\\/voilabeauty.com\\\/tienda\\\/cremas\\\/crema-confort-alta-recuperacion-timexpert-srns\\\/#breadcrumb\",\"itemListElement\":[{\"@type\":\"ListItem\",\"position\":1,\"name\":\"Portada\",\"item\":\"https:\\\/\\\/voilabeauty.com\\\/en\\\/home\\\/\"},{\"@type\":\"ListItem\",\"position\":2,\"name\":\"Productos\",\"item\":\"https:\\\/\\\/voilabeauty.com\\\/tienda__trashed\\\/\"},{\"@type\":\"ListItem\",\"position\":3,\"name\":\"Crema Confort Alta Recuperaci\u00f3n | Timexpert SRNS\"}]},{\"@type\":\"WebSite\",\"@id\":\"https:\\\/\\\/voilabeauty.com\\\/#website\",\"url\":\"https:\\\/\\\/voilabeauty.com\\\/\",\"name\":\"Voil\u00e0 Beauty\",\"description\":\"Centro de belleza exclusivo en Barcelona\",\"potentialAction\":[{\"@type\":\"SearchAction\",\"target\":{\"@type\":\"EntryPoint\",\"urlTemplate\":\"https:\\\/\\\/voilabeauty.com\\\/?s={search_term_string}\"},\"query-input\":{\"@type\":\"PropertyValueSpecification\",\"valueRequired\":true,\"valueName\":\"search_term_string\"}}],\"inLanguage\":\"en-US\"}]}<\/script>\n<!-- \/ Yoast SEO plugin. -->","yoast_head_json":{"title":"Crema Confort Alta Recuperaci\u00f3n | Timexpert SRNS - Voil\u00e0 Beauty","robots":{"index":"index","follow":"follow","max-snippet":"max-snippet:-1","max-image-preview":"max-image-preview:large","max-video-preview":"max-video-preview:-1"},"canonical":"https:\/\/voilabeauty.com\/tienda\/cremas\/crema-confort-alta-recuperacion-timexpert-srns\/","og_locale":"en_US","og_type":"article","og_title":"Crema Confort Alta Recuperaci\u00f3n | Timexpert SRNS - Voil\u00e0 Beauty","og_description":"Crema de textura aterciopelada que durante la noche act\u00faa como \u201crefuerzo energ\u00e9tico\u201d de la piel madura para as\u00ed optimizar su Capital Estr\u00e9s, agredido durante el d\u00eda por los ataques constantes de las agresiones medioambientales. Contiene activos revolucionarios que previenen el envejecimiento adem\u00e1s de aportar un suplemento energ\u00e9tico a las c\u00e9lulas cut\u00e1neas, maximizando la renovaci\u00f3n de [&hellip;]","og_url":"https:\/\/voilabeauty.com\/tienda\/cremas\/crema-confort-alta-recuperacion-timexpert-srns\/","og_site_name":"Voil\u00e0 Beauty","article_modified_time":"2024-04-22T19:56:54+00:00","og_image":[{"width":700,"height":700,"url":"https:\/\/voilabeauty.com\/wp-content\/uploads\/2024\/01\/00480115_1.jpg.webp","type":"image\/webp"}],"twitter_card":"summary_large_image","twitter_misc":{"Est. reading time":"1 minute"},"schema":{"@context":"https:\/\/schema.org","@graph":[{"@type":"WebPage","@id":"https:\/\/voilabeauty.com\/tienda\/cremas\/crema-confort-alta-recuperacion-timexpert-srns\/","url":"https:\/\/voilabeauty.com\/tienda\/cremas\/crema-confort-alta-recuperacion-timexpert-srns\/","name":"Crema Confort Alta Recuperaci\u00f3n | Timexpert SRNS - Voil\u00e0 Beauty","isPartOf":{"@id":"https:\/\/voilabeauty.com\/#website"},"primaryImageOfPage":{"@id":"https:\/\/voilabeauty.com\/tienda\/cremas\/crema-confort-alta-recuperacion-timexpert-srns\/#primaryimage"},"image":{"@id":"https:\/\/voilabeauty.com\/tienda\/cremas\/crema-confort-alta-recuperacion-timexpert-srns\/#primaryimage"},"thumbnailUrl":"https:\/\/voilabeauty.com\/wp-content\/uploads\/2024\/01\/00480115_1.jpg.webp","datePublished":"2024-01-10T18:25:02+00:00","dateModified":"2024-04-22T19:56:54+00:00","breadcrumb":{"@id":"https:\/\/voilabeauty.com\/tienda\/cremas\/crema-confort-alta-recuperacion-timexpert-srns\/#breadcrumb"},"inLanguage":"en-US","potentialAction":[{"@type":"ReadAction","target":["https:\/\/voilabeauty.com\/tienda\/cremas\/crema-confort-alta-recuperacion-timexpert-srns\/"]}]},{"@type":"ImageObject","inLanguage":"en-US","@id":"https:\/\/voilabeauty.com\/tienda\/cremas\/crema-confort-alta-recuperacion-timexpert-srns\/#primaryimage","url":"https:\/\/voilabeauty.com\/wp-content\/uploads\/2024\/01\/00480115_1.jpg.webp","contentUrl":"https:\/\/voilabeauty.com\/wp-content\/uploads\/2024\/01\/00480115_1.jpg.webp","width":700,"height":700},{"@type":"BreadcrumbList","@id":"https:\/\/voilabeauty.com\/tienda\/cremas\/crema-confort-alta-recuperacion-timexpert-srns\/#breadcrumb","itemListElement":[{"@type":"ListItem","position":1,"name":"Portada","item":"https:\/\/voilabeauty.com\/en\/home\/"},{"@type":"ListItem","position":2,"name":"Productos","item":"https:\/\/voilabeauty.com\/tienda__trashed\/"},{"@type":"ListItem","position":3,"name":"Crema Confort Alta Recuperaci\u00f3n | Timexpert SRNS"}]},{"@type":"WebSite","@id":"https:\/\/voilabeauty.com\/#website","url":"https:\/\/voilabeauty.com\/","name":"Voil\u00e0 Beauty","description":"Centro de belleza exclusivo en Barcelona","potentialAction":[{"@type":"SearchAction","target":{"@type":"EntryPoint","urlTemplate":"https:\/\/voilabeauty.com\/?s={search_term_string}"},"query-input":{"@type":"PropertyValueSpecification","valueRequired":true,"valueName":"search_term_string"}}],"inLanguage":"en-US"}]}},"_links":{"self":[{"href":"https:\/\/voilabeauty.com\/en\/wp-json\/wp\/v2\/product\/2090","targetHints":{"allow":["GET"]}}],"collection":[{"href":"https:\/\/voilabeauty.com\/en\/wp-json\/wp\/v2\/product"}],"about":[{"href":"https:\/\/voilabeauty.com\/en\/wp-json\/wp\/v2\/types\/product"}],"replies":[{"embeddable":true,"href":"https:\/\/voilabeauty.com\/en\/wp-json\/wp\/v2\/comments?post=2090"}],"wp:featuredmedia":[{"embeddable":true,"href":"https:\/\/voilabeauty.com\/en\/wp-json\/wp\/v2\/media\/2091"}],"wp:attachment":[{"href":"https:\/\/voilabeauty.com\/en\/wp-json\/wp\/v2\/media?parent=2090"}],"wp:term":[{"taxonomy":"product_brand","embeddable":true,"href":"https:\/\/voilabeauty.com\/en\/wp-json\/wp\/v2\/product_brand?post=2090"},{"taxonomy":"product_cat","embeddable":true,"href":"https:\/\/voilabeauty.com\/en\/wp-json\/wp\/v2\/product_cat?post=2090"},{"taxonomy":"product_tag","embeddable":true,"href":"https:\/\/voilabeauty.com\/en\/wp-json\/wp\/v2\/product_tag?post=2090"}],"curies":[{"name":"wp","href":"https:\/\/api.w.org\/{rel}","templated":true}]}}