{"id":2077,"date":"2024-01-10T19:09:44","date_gmt":"2024-01-10T18:09:44","guid":{"rendered":"https:\/\/voilabeauty.com\/?post_type=product&#038;p=2077"},"modified":"2024-04-22T21:57:29","modified_gmt":"2024-04-22T19:57:29","slug":"vector-lift-timexpert-liftin","status":"publish","type":"product","link":"https:\/\/voilabeauty.com\/en\/tienda\/cremas\/vector-lift-timexpert-liftin\/","title":{"rendered":"Vector Lift | Timexpert Lift(IN)"},"content":{"rendered":"<p>Una verdadera joya tecnol\u00f3gica que interviene en los vectores de rejuvenecimiento cut\u00e1neo para elevar, rellenar y tensar.<br \/>\nContiene un extracto de Lens Esculenta que ayuda a contraer los poros y afinar y matizar la piel. Una f\u00f3rmula ligera y fresca que carga de energ\u00eda la piel en un instante.<\/p>\n<p>BENEFICIOS:<\/p>\n<p>-Corrige de forma espectacular los signos m\u00e1s evidentes de la edad.<br \/>\n-Aporta firmeza y redefine el \u00f3valo facial.<br \/>\n-Los vol\u00famenes aumentan.<br \/>\n-Minimiza los poros dilatados.<br \/>\n-Las arrugas y l\u00edneas se difuminan.<\/p>\n","protected":false},"excerpt":{"rendered":"<p>Una verdadera joya tecnol\u00f3gica que interviene en los vectores de rejuvenecimiento cut\u00e1neo para elevar, rellenar y tensar. Contiene un extracto de Lens Esculenta que ayuda a contraer los poros y afinar y matizar la piel. Una f\u00f3rmula ligera y fresca que carga de energ\u00eda la piel en un instante. BENEFICIOS: -Corrige de forma espectacular los [&hellip;]<\/p>\n","protected":false},"featured_media":2083,"comment_status":"open","ping_status":"closed","template":"","meta":{"_joinchat":[]},"product_brand":[],"product_cat":[66],"product_tag":[],"class_list":{"0":"post-2077","1":"product","2":"type-product","3":"status-publish","4":"has-post-thumbnail","6":"product_cat-cremas","8":"first","9":"instock","10":"shipping-taxable","11":"purchasable","12":"product-type-simple"},"yoast_head":"<!-- This site is optimized with the Yoast SEO plugin v27.5 - https:\/\/yoast.com\/product\/yoast-seo-wordpress\/ -->\n<title>Vector Lift | Timexpert Lift(IN) - Voil\u00e0 Beauty<\/title>\n<meta name=\"robots\" content=\"index, follow, max-snippet:-1, max-image-preview:large, max-video-preview:-1\" \/>\n<link rel=\"canonical\" href=\"https:\/\/voilabeauty.com\/tienda\/cremas\/vector-lift-timexpert-liftin\/\" \/>\n<meta property=\"og:locale\" content=\"en_US\" \/>\n<meta property=\"og:type\" content=\"article\" \/>\n<meta property=\"og:title\" content=\"Vector Lift | Timexpert Lift(IN) - Voil\u00e0 Beauty\" \/>\n<meta property=\"og:description\" content=\"Una verdadera joya tecnol\u00f3gica que interviene en los vectores de rejuvenecimiento cut\u00e1neo para elevar, rellenar y tensar. Contiene un extracto de Lens Esculenta que ayuda a contraer los poros y afinar y matizar la piel. Una f\u00f3rmula ligera y fresca que carga de energ\u00eda la piel en un instante. BENEFICIOS: -Corrige de forma espectacular los [&hellip;]\" \/>\n<meta property=\"og:url\" content=\"https:\/\/voilabeauty.com\/tienda\/cremas\/vector-lift-timexpert-liftin\/\" \/>\n<meta property=\"og:site_name\" content=\"Voil\u00e0 Beauty\" \/>\n<meta property=\"article:modified_time\" content=\"2024-04-22T19:57:29+00:00\" \/>\n<meta property=\"og:image\" content=\"https:\/\/voilabeauty.com\/wp-content\/uploads\/2024\/01\/00420008_1.jpg.webp\" \/>\n\t<meta property=\"og:image:width\" content=\"700\" \/>\n\t<meta property=\"og:image:height\" content=\"700\" \/>\n\t<meta property=\"og:image:type\" content=\"image\/webp\" \/>\n<meta name=\"twitter:card\" content=\"summary_large_image\" \/>\n<meta name=\"twitter:label1\" content=\"Est. reading time\" \/>\n\t<meta name=\"twitter:data1\" content=\"1 minute\" \/>\n<script type=\"application\/ld+json\" class=\"yoast-schema-graph\">{\"@context\":\"https:\\\/\\\/schema.org\",\"@graph\":[{\"@type\":\"WebPage\",\"@id\":\"https:\\\/\\\/voilabeauty.com\\\/tienda\\\/cremas\\\/vector-lift-timexpert-liftin\\\/\",\"url\":\"https:\\\/\\\/voilabeauty.com\\\/tienda\\\/cremas\\\/vector-lift-timexpert-liftin\\\/\",\"name\":\"Vector Lift | Timexpert Lift(IN) - Voil\u00e0 Beauty\",\"isPartOf\":{\"@id\":\"https:\\\/\\\/voilabeauty.com\\\/#website\"},\"primaryImageOfPage\":{\"@id\":\"https:\\\/\\\/voilabeauty.com\\\/tienda\\\/cremas\\\/vector-lift-timexpert-liftin\\\/#primaryimage\"},\"image\":{\"@id\":\"https:\\\/\\\/voilabeauty.com\\\/tienda\\\/cremas\\\/vector-lift-timexpert-liftin\\\/#primaryimage\"},\"thumbnailUrl\":\"https:\\\/\\\/voilabeauty.com\\\/wp-content\\\/uploads\\\/2024\\\/01\\\/00420008_1.jpg.webp\",\"datePublished\":\"2024-01-10T18:09:44+00:00\",\"dateModified\":\"2024-04-22T19:57:29+00:00\",\"breadcrumb\":{\"@id\":\"https:\\\/\\\/voilabeauty.com\\\/tienda\\\/cremas\\\/vector-lift-timexpert-liftin\\\/#breadcrumb\"},\"inLanguage\":\"en-US\",\"potentialAction\":[{\"@type\":\"ReadAction\",\"target\":[\"https:\\\/\\\/voilabeauty.com\\\/tienda\\\/cremas\\\/vector-lift-timexpert-liftin\\\/\"]}]},{\"@type\":\"ImageObject\",\"inLanguage\":\"en-US\",\"@id\":\"https:\\\/\\\/voilabeauty.com\\\/tienda\\\/cremas\\\/vector-lift-timexpert-liftin\\\/#primaryimage\",\"url\":\"https:\\\/\\\/voilabeauty.com\\\/wp-content\\\/uploads\\\/2024\\\/01\\\/00420008_1.jpg.webp\",\"contentUrl\":\"https:\\\/\\\/voilabeauty.com\\\/wp-content\\\/uploads\\\/2024\\\/01\\\/00420008_1.jpg.webp\",\"width\":700,\"height\":700},{\"@type\":\"BreadcrumbList\",\"@id\":\"https:\\\/\\\/voilabeauty.com\\\/tienda\\\/cremas\\\/vector-lift-timexpert-liftin\\\/#breadcrumb\",\"itemListElement\":[{\"@type\":\"ListItem\",\"position\":1,\"name\":\"Portada\",\"item\":\"https:\\\/\\\/voilabeauty.com\\\/en\\\/home\\\/\"},{\"@type\":\"ListItem\",\"position\":2,\"name\":\"Productos\",\"item\":\"https:\\\/\\\/voilabeauty.com\\\/tienda__trashed\\\/\"},{\"@type\":\"ListItem\",\"position\":3,\"name\":\"Vector Lift | Timexpert Lift(IN)\"}]},{\"@type\":\"WebSite\",\"@id\":\"https:\\\/\\\/voilabeauty.com\\\/#website\",\"url\":\"https:\\\/\\\/voilabeauty.com\\\/\",\"name\":\"Voil\u00e0 Beauty\",\"description\":\"Centro de belleza exclusivo en Barcelona\",\"potentialAction\":[{\"@type\":\"SearchAction\",\"target\":{\"@type\":\"EntryPoint\",\"urlTemplate\":\"https:\\\/\\\/voilabeauty.com\\\/?s={search_term_string}\"},\"query-input\":{\"@type\":\"PropertyValueSpecification\",\"valueRequired\":true,\"valueName\":\"search_term_string\"}}],\"inLanguage\":\"en-US\"}]}<\/script>\n<!-- \/ Yoast SEO plugin. -->","yoast_head_json":{"title":"Vector Lift | Timexpert Lift(IN) - Voil\u00e0 Beauty","robots":{"index":"index","follow":"follow","max-snippet":"max-snippet:-1","max-image-preview":"max-image-preview:large","max-video-preview":"max-video-preview:-1"},"canonical":"https:\/\/voilabeauty.com\/tienda\/cremas\/vector-lift-timexpert-liftin\/","og_locale":"en_US","og_type":"article","og_title":"Vector Lift | Timexpert Lift(IN) - Voil\u00e0 Beauty","og_description":"Una verdadera joya tecnol\u00f3gica que interviene en los vectores de rejuvenecimiento cut\u00e1neo para elevar, rellenar y tensar. Contiene un extracto de Lens Esculenta que ayuda a contraer los poros y afinar y matizar la piel. Una f\u00f3rmula ligera y fresca que carga de energ\u00eda la piel en un instante. BENEFICIOS: -Corrige de forma espectacular los [&hellip;]","og_url":"https:\/\/voilabeauty.com\/tienda\/cremas\/vector-lift-timexpert-liftin\/","og_site_name":"Voil\u00e0 Beauty","article_modified_time":"2024-04-22T19:57:29+00:00","og_image":[{"width":700,"height":700,"url":"https:\/\/voilabeauty.com\/wp-content\/uploads\/2024\/01\/00420008_1.jpg.webp","type":"image\/webp"}],"twitter_card":"summary_large_image","twitter_misc":{"Est. reading time":"1 minute"},"schema":{"@context":"https:\/\/schema.org","@graph":[{"@type":"WebPage","@id":"https:\/\/voilabeauty.com\/tienda\/cremas\/vector-lift-timexpert-liftin\/","url":"https:\/\/voilabeauty.com\/tienda\/cremas\/vector-lift-timexpert-liftin\/","name":"Vector Lift | Timexpert Lift(IN) - Voil\u00e0 Beauty","isPartOf":{"@id":"https:\/\/voilabeauty.com\/#website"},"primaryImageOfPage":{"@id":"https:\/\/voilabeauty.com\/tienda\/cremas\/vector-lift-timexpert-liftin\/#primaryimage"},"image":{"@id":"https:\/\/voilabeauty.com\/tienda\/cremas\/vector-lift-timexpert-liftin\/#primaryimage"},"thumbnailUrl":"https:\/\/voilabeauty.com\/wp-content\/uploads\/2024\/01\/00420008_1.jpg.webp","datePublished":"2024-01-10T18:09:44+00:00","dateModified":"2024-04-22T19:57:29+00:00","breadcrumb":{"@id":"https:\/\/voilabeauty.com\/tienda\/cremas\/vector-lift-timexpert-liftin\/#breadcrumb"},"inLanguage":"en-US","potentialAction":[{"@type":"ReadAction","target":["https:\/\/voilabeauty.com\/tienda\/cremas\/vector-lift-timexpert-liftin\/"]}]},{"@type":"ImageObject","inLanguage":"en-US","@id":"https:\/\/voilabeauty.com\/tienda\/cremas\/vector-lift-timexpert-liftin\/#primaryimage","url":"https:\/\/voilabeauty.com\/wp-content\/uploads\/2024\/01\/00420008_1.jpg.webp","contentUrl":"https:\/\/voilabeauty.com\/wp-content\/uploads\/2024\/01\/00420008_1.jpg.webp","width":700,"height":700},{"@type":"BreadcrumbList","@id":"https:\/\/voilabeauty.com\/tienda\/cremas\/vector-lift-timexpert-liftin\/#breadcrumb","itemListElement":[{"@type":"ListItem","position":1,"name":"Portada","item":"https:\/\/voilabeauty.com\/en\/home\/"},{"@type":"ListItem","position":2,"name":"Productos","item":"https:\/\/voilabeauty.com\/tienda__trashed\/"},{"@type":"ListItem","position":3,"name":"Vector Lift | Timexpert Lift(IN)"}]},{"@type":"WebSite","@id":"https:\/\/voilabeauty.com\/#website","url":"https:\/\/voilabeauty.com\/","name":"Voil\u00e0 Beauty","description":"Centro de belleza exclusivo en Barcelona","potentialAction":[{"@type":"SearchAction","target":{"@type":"EntryPoint","urlTemplate":"https:\/\/voilabeauty.com\/?s={search_term_string}"},"query-input":{"@type":"PropertyValueSpecification","valueRequired":true,"valueName":"search_term_string"}}],"inLanguage":"en-US"}]}},"_links":{"self":[{"href":"https:\/\/voilabeauty.com\/en\/wp-json\/wp\/v2\/product\/2077","targetHints":{"allow":["GET"]}}],"collection":[{"href":"https:\/\/voilabeauty.com\/en\/wp-json\/wp\/v2\/product"}],"about":[{"href":"https:\/\/voilabeauty.com\/en\/wp-json\/wp\/v2\/types\/product"}],"replies":[{"embeddable":true,"href":"https:\/\/voilabeauty.com\/en\/wp-json\/wp\/v2\/comments?post=2077"}],"wp:featuredmedia":[{"embeddable":true,"href":"https:\/\/voilabeauty.com\/en\/wp-json\/wp\/v2\/media\/2083"}],"wp:attachment":[{"href":"https:\/\/voilabeauty.com\/en\/wp-json\/wp\/v2\/media?parent=2077"}],"wp:term":[{"taxonomy":"product_brand","embeddable":true,"href":"https:\/\/voilabeauty.com\/en\/wp-json\/wp\/v2\/product_brand?post=2077"},{"taxonomy":"product_cat","embeddable":true,"href":"https:\/\/voilabeauty.com\/en\/wp-json\/wp\/v2\/product_cat?post=2077"},{"taxonomy":"product_tag","embeddable":true,"href":"https:\/\/voilabeauty.com\/en\/wp-json\/wp\/v2\/product_tag?post=2077"}],"curies":[{"name":"wp","href":"https:\/\/api.w.org\/{rel}","templated":true}]}}