{"id":1949,"date":"2024-01-10T18:31:22","date_gmt":"2024-01-10T17:31:22","guid":{"rendered":"https:\/\/voilabeauty.com\/?post_type=product&#038;p=1949"},"modified":"2024-04-22T22:02:21","modified_gmt":"2024-04-22T20:02:21","slug":"crema-global-arrugas-soft-timexpert-rides","status":"publish","type":"product","link":"https:\/\/voilabeauty.com\/en\/tienda\/cremas\/crema-global-arrugas-soft-timexpert-rides\/","title":{"rendered":"Crema Global Arrugas Soft | Timexpert Rides"},"content":{"rendered":"<p>El cuidado rejuvenecedor diario perfecto para pieles secas con beneficios visibles en la correcci\u00f3n de arrugas.<br \/>\nEl rostro adquiere un aspecto descansado, redensificado y profundamente alisado gracias a su doble estrategia alisadora:<br \/>\nBTX-TRIPEPTINE neutraliza el efecto de las dermocontracciones faciales ligadas a la movilidad permanente del rostro. De este modo, se suaviza la expresi\u00f3n. Piel descansada a cualquier edad.<br \/>\nTISSULAGE TECH regenera la Matriz Extracelular da\u00f1ada por el paso de los a\u00f1os, elevando el entramado de prote\u00ednas de la dermis y generando nuevo col\u00e1geno y elastina. Esto supone una mejora en la firmeza y elasticidad de la piel y sobre todo una reducci\u00f3n del volumen y longitud de las arrugas, finas y profundas.<\/p>\n<p>BENEFICIOS:<\/p>\n<p>-Disminuye las arrugas.<br \/>\n-Refuerza y consolida la estructura cut\u00e1nea.<br \/>\n-La piel est\u00e1 m\u00e1s firme y compacta.<br \/>\n-Consigue una piel lisa, redensificada, con aspecto relajado.<br \/>\n-Hidrata y reconforta en profundidad.<\/p>\n","protected":false},"excerpt":{"rendered":"<p>El cuidado rejuvenecedor diario perfecto para pieles secas con beneficios visibles en la correcci\u00f3n de arrugas. El rostro adquiere un aspecto descansado, redensificado y profundamente alisado gracias a su doble estrategia alisadora: BTX-TRIPEPTINE neutraliza el efecto de las dermocontracciones faciales ligadas a la movilidad permanente del rostro. De este modo, se suaviza la expresi\u00f3n. Piel [&hellip;]<\/p>\n","protected":false},"featured_media":1950,"comment_status":"open","ping_status":"closed","template":"","meta":{"_joinchat":[]},"product_brand":[],"product_cat":[66],"product_tag":[],"class_list":{"0":"post-1949","1":"product","2":"type-product","3":"status-publish","4":"has-post-thumbnail","6":"product_cat-cremas","8":"first","9":"instock","10":"shipping-taxable","11":"purchasable","12":"product-type-simple"},"yoast_head":"<!-- This site is optimized with the Yoast SEO plugin v27.5 - https:\/\/yoast.com\/product\/yoast-seo-wordpress\/ -->\n<title>Crema Global Arrugas Soft | Timexpert Rides - Voil\u00e0 Beauty<\/title>\n<meta name=\"robots\" content=\"index, follow, max-snippet:-1, max-image-preview:large, max-video-preview:-1\" \/>\n<link rel=\"canonical\" href=\"https:\/\/voilabeauty.com\/tienda\/cremas\/crema-global-arrugas-soft-timexpert-rides\/\" \/>\n<meta property=\"og:locale\" content=\"en_US\" \/>\n<meta property=\"og:type\" content=\"article\" \/>\n<meta property=\"og:title\" content=\"Crema Global Arrugas Soft | Timexpert Rides - Voil\u00e0 Beauty\" \/>\n<meta property=\"og:description\" content=\"El cuidado rejuvenecedor diario perfecto para pieles secas con beneficios visibles en la correcci\u00f3n de arrugas. El rostro adquiere un aspecto descansado, redensificado y profundamente alisado gracias a su doble estrategia alisadora: BTX-TRIPEPTINE neutraliza el efecto de las dermocontracciones faciales ligadas a la movilidad permanente del rostro. De este modo, se suaviza la expresi\u00f3n. Piel [&hellip;]\" \/>\n<meta property=\"og:url\" content=\"https:\/\/voilabeauty.com\/tienda\/cremas\/crema-global-arrugas-soft-timexpert-rides\/\" \/>\n<meta property=\"og:site_name\" content=\"Voil\u00e0 Beauty\" \/>\n<meta property=\"article:modified_time\" content=\"2024-04-22T20:02:21+00:00\" \/>\n<meta property=\"og:image\" content=\"https:\/\/voilabeauty.com\/wp-content\/uploads\/2024\/01\/00390002_1.jpg.webp\" \/>\n\t<meta property=\"og:image:width\" content=\"700\" \/>\n\t<meta property=\"og:image:height\" content=\"700\" \/>\n\t<meta property=\"og:image:type\" content=\"image\/webp\" \/>\n<meta name=\"twitter:card\" content=\"summary_large_image\" \/>\n<meta name=\"twitter:label1\" content=\"Est. reading time\" \/>\n\t<meta name=\"twitter:data1\" content=\"1 minute\" \/>\n<script type=\"application\/ld+json\" class=\"yoast-schema-graph\">{\"@context\":\"https:\\\/\\\/schema.org\",\"@graph\":[{\"@type\":\"WebPage\",\"@id\":\"https:\\\/\\\/voilabeauty.com\\\/tienda\\\/cremas\\\/crema-global-arrugas-soft-timexpert-rides\\\/\",\"url\":\"https:\\\/\\\/voilabeauty.com\\\/tienda\\\/cremas\\\/crema-global-arrugas-soft-timexpert-rides\\\/\",\"name\":\"Crema Global Arrugas Soft | Timexpert Rides - Voil\u00e0 Beauty\",\"isPartOf\":{\"@id\":\"https:\\\/\\\/voilabeauty.com\\\/#website\"},\"primaryImageOfPage\":{\"@id\":\"https:\\\/\\\/voilabeauty.com\\\/tienda\\\/cremas\\\/crema-global-arrugas-soft-timexpert-rides\\\/#primaryimage\"},\"image\":{\"@id\":\"https:\\\/\\\/voilabeauty.com\\\/tienda\\\/cremas\\\/crema-global-arrugas-soft-timexpert-rides\\\/#primaryimage\"},\"thumbnailUrl\":\"https:\\\/\\\/voilabeauty.com\\\/wp-content\\\/uploads\\\/2024\\\/01\\\/00390002_1.jpg.webp\",\"datePublished\":\"2024-01-10T17:31:22+00:00\",\"dateModified\":\"2024-04-22T20:02:21+00:00\",\"breadcrumb\":{\"@id\":\"https:\\\/\\\/voilabeauty.com\\\/tienda\\\/cremas\\\/crema-global-arrugas-soft-timexpert-rides\\\/#breadcrumb\"},\"inLanguage\":\"en-US\",\"potentialAction\":[{\"@type\":\"ReadAction\",\"target\":[\"https:\\\/\\\/voilabeauty.com\\\/tienda\\\/cremas\\\/crema-global-arrugas-soft-timexpert-rides\\\/\"]}]},{\"@type\":\"ImageObject\",\"inLanguage\":\"en-US\",\"@id\":\"https:\\\/\\\/voilabeauty.com\\\/tienda\\\/cremas\\\/crema-global-arrugas-soft-timexpert-rides\\\/#primaryimage\",\"url\":\"https:\\\/\\\/voilabeauty.com\\\/wp-content\\\/uploads\\\/2024\\\/01\\\/00390002_1.jpg.webp\",\"contentUrl\":\"https:\\\/\\\/voilabeauty.com\\\/wp-content\\\/uploads\\\/2024\\\/01\\\/00390002_1.jpg.webp\",\"width\":700,\"height\":700},{\"@type\":\"BreadcrumbList\",\"@id\":\"https:\\\/\\\/voilabeauty.com\\\/tienda\\\/cremas\\\/crema-global-arrugas-soft-timexpert-rides\\\/#breadcrumb\",\"itemListElement\":[{\"@type\":\"ListItem\",\"position\":1,\"name\":\"Portada\",\"item\":\"https:\\\/\\\/voilabeauty.com\\\/en\\\/home\\\/\"},{\"@type\":\"ListItem\",\"position\":2,\"name\":\"Productos\",\"item\":\"https:\\\/\\\/voilabeauty.com\\\/tienda__trashed\\\/\"},{\"@type\":\"ListItem\",\"position\":3,\"name\":\"Crema Global Arrugas Soft | Timexpert Rides\"}]},{\"@type\":\"WebSite\",\"@id\":\"https:\\\/\\\/voilabeauty.com\\\/#website\",\"url\":\"https:\\\/\\\/voilabeauty.com\\\/\",\"name\":\"Voil\u00e0 Beauty\",\"description\":\"Centro de belleza exclusivo en Barcelona\",\"potentialAction\":[{\"@type\":\"SearchAction\",\"target\":{\"@type\":\"EntryPoint\",\"urlTemplate\":\"https:\\\/\\\/voilabeauty.com\\\/?s={search_term_string}\"},\"query-input\":{\"@type\":\"PropertyValueSpecification\",\"valueRequired\":true,\"valueName\":\"search_term_string\"}}],\"inLanguage\":\"en-US\"}]}<\/script>\n<!-- \/ Yoast SEO plugin. -->","yoast_head_json":{"title":"Crema Global Arrugas Soft | Timexpert Rides - Voil\u00e0 Beauty","robots":{"index":"index","follow":"follow","max-snippet":"max-snippet:-1","max-image-preview":"max-image-preview:large","max-video-preview":"max-video-preview:-1"},"canonical":"https:\/\/voilabeauty.com\/tienda\/cremas\/crema-global-arrugas-soft-timexpert-rides\/","og_locale":"en_US","og_type":"article","og_title":"Crema Global Arrugas Soft | Timexpert Rides - Voil\u00e0 Beauty","og_description":"El cuidado rejuvenecedor diario perfecto para pieles secas con beneficios visibles en la correcci\u00f3n de arrugas. El rostro adquiere un aspecto descansado, redensificado y profundamente alisado gracias a su doble estrategia alisadora: BTX-TRIPEPTINE neutraliza el efecto de las dermocontracciones faciales ligadas a la movilidad permanente del rostro. De este modo, se suaviza la expresi\u00f3n. Piel [&hellip;]","og_url":"https:\/\/voilabeauty.com\/tienda\/cremas\/crema-global-arrugas-soft-timexpert-rides\/","og_site_name":"Voil\u00e0 Beauty","article_modified_time":"2024-04-22T20:02:21+00:00","og_image":[{"width":700,"height":700,"url":"https:\/\/voilabeauty.com\/wp-content\/uploads\/2024\/01\/00390002_1.jpg.webp","type":"image\/webp"}],"twitter_card":"summary_large_image","twitter_misc":{"Est. reading time":"1 minute"},"schema":{"@context":"https:\/\/schema.org","@graph":[{"@type":"WebPage","@id":"https:\/\/voilabeauty.com\/tienda\/cremas\/crema-global-arrugas-soft-timexpert-rides\/","url":"https:\/\/voilabeauty.com\/tienda\/cremas\/crema-global-arrugas-soft-timexpert-rides\/","name":"Crema Global Arrugas Soft | Timexpert Rides - Voil\u00e0 Beauty","isPartOf":{"@id":"https:\/\/voilabeauty.com\/#website"},"primaryImageOfPage":{"@id":"https:\/\/voilabeauty.com\/tienda\/cremas\/crema-global-arrugas-soft-timexpert-rides\/#primaryimage"},"image":{"@id":"https:\/\/voilabeauty.com\/tienda\/cremas\/crema-global-arrugas-soft-timexpert-rides\/#primaryimage"},"thumbnailUrl":"https:\/\/voilabeauty.com\/wp-content\/uploads\/2024\/01\/00390002_1.jpg.webp","datePublished":"2024-01-10T17:31:22+00:00","dateModified":"2024-04-22T20:02:21+00:00","breadcrumb":{"@id":"https:\/\/voilabeauty.com\/tienda\/cremas\/crema-global-arrugas-soft-timexpert-rides\/#breadcrumb"},"inLanguage":"en-US","potentialAction":[{"@type":"ReadAction","target":["https:\/\/voilabeauty.com\/tienda\/cremas\/crema-global-arrugas-soft-timexpert-rides\/"]}]},{"@type":"ImageObject","inLanguage":"en-US","@id":"https:\/\/voilabeauty.com\/tienda\/cremas\/crema-global-arrugas-soft-timexpert-rides\/#primaryimage","url":"https:\/\/voilabeauty.com\/wp-content\/uploads\/2024\/01\/00390002_1.jpg.webp","contentUrl":"https:\/\/voilabeauty.com\/wp-content\/uploads\/2024\/01\/00390002_1.jpg.webp","width":700,"height":700},{"@type":"BreadcrumbList","@id":"https:\/\/voilabeauty.com\/tienda\/cremas\/crema-global-arrugas-soft-timexpert-rides\/#breadcrumb","itemListElement":[{"@type":"ListItem","position":1,"name":"Portada","item":"https:\/\/voilabeauty.com\/en\/home\/"},{"@type":"ListItem","position":2,"name":"Productos","item":"https:\/\/voilabeauty.com\/tienda__trashed\/"},{"@type":"ListItem","position":3,"name":"Crema Global Arrugas Soft | Timexpert Rides"}]},{"@type":"WebSite","@id":"https:\/\/voilabeauty.com\/#website","url":"https:\/\/voilabeauty.com\/","name":"Voil\u00e0 Beauty","description":"Centro de belleza exclusivo en Barcelona","potentialAction":[{"@type":"SearchAction","target":{"@type":"EntryPoint","urlTemplate":"https:\/\/voilabeauty.com\/?s={search_term_string}"},"query-input":{"@type":"PropertyValueSpecification","valueRequired":true,"valueName":"search_term_string"}}],"inLanguage":"en-US"}]}},"_links":{"self":[{"href":"https:\/\/voilabeauty.com\/en\/wp-json\/wp\/v2\/product\/1949","targetHints":{"allow":["GET"]}}],"collection":[{"href":"https:\/\/voilabeauty.com\/en\/wp-json\/wp\/v2\/product"}],"about":[{"href":"https:\/\/voilabeauty.com\/en\/wp-json\/wp\/v2\/types\/product"}],"replies":[{"embeddable":true,"href":"https:\/\/voilabeauty.com\/en\/wp-json\/wp\/v2\/comments?post=1949"}],"wp:featuredmedia":[{"embeddable":true,"href":"https:\/\/voilabeauty.com\/en\/wp-json\/wp\/v2\/media\/1950"}],"wp:attachment":[{"href":"https:\/\/voilabeauty.com\/en\/wp-json\/wp\/v2\/media?parent=1949"}],"wp:term":[{"taxonomy":"product_brand","embeddable":true,"href":"https:\/\/voilabeauty.com\/en\/wp-json\/wp\/v2\/product_brand?post=1949"},{"taxonomy":"product_cat","embeddable":true,"href":"https:\/\/voilabeauty.com\/en\/wp-json\/wp\/v2\/product_cat?post=1949"},{"taxonomy":"product_tag","embeddable":true,"href":"https:\/\/voilabeauty.com\/en\/wp-json\/wp\/v2\/product_tag?post=1949"}],"curies":[{"name":"wp","href":"https:\/\/api.w.org\/{rel}","templated":true}]}}