{"id":1928,"date":"2024-01-10T18:00:16","date_gmt":"2024-01-10T17:00:16","guid":{"rendered":"https:\/\/voilabeauty.com\/?post_type=product&#038;p=1928"},"modified":"2024-04-22T22:02:34","modified_gmt":"2024-04-22T20:02:34","slug":"pure-c10-timexpert-radiance-c","status":"publish","type":"product","link":"https:\/\/voilabeauty.com\/en\/tienda\/cremas\/pure-c10-timexpert-radiance-c\/","title":{"rendered":"Pure C10 | Timexpert Radiance C+"},"content":{"rendered":"<p>El tratamiento de 3 unidades de 10ml.<br \/>\nLa combinaci\u00f3n de Vitamina C Pura, Vitamina E y \u00c1cido Fer\u00falico multiplica la eficacia de cada uno, ejerciendo una acci\u00f3n sin\u00e9rgica protectora entre ellos y una acci\u00f3n antioxidante complementaria en la piel.<br \/>\nSu nuevo envase permite una activaci\u00f3n m\u00e1s c\u00f3moda y sencilla\u200b, y una mejor conservaci\u00f3n de la mezcla\u200b, permitiendo que la Vitamina C Pura permanezca encapsulada hasta el momento de su uso, conservando el 100% de su eficacia.<br \/>\nEn dos semanas la piel est\u00e1 visiblemente m\u00e1s joven y radiante, y se reducen notablemente las manchas.<br \/>\nEn cuatro semanas, mejora notablemente la firmeza.<\/p>\n<p>BENEFICIOS:<br \/>\n-Reduce manchas y frena signos de la edad como deshidrataci\u00f3n y p\u00e9rdida de firmeza.<br \/>\n-Consigue que las pieles apagadas y estresadas vuelvan a brillar.<\/p>\n","protected":false},"excerpt":{"rendered":"<p>El tratamiento de 3 unidades de 10ml. La combinaci\u00f3n de Vitamina C Pura, Vitamina E y \u00c1cido Fer\u00falico multiplica la eficacia de cada uno, ejerciendo una acci\u00f3n sin\u00e9rgica protectora entre ellos y una acci\u00f3n antioxidante complementaria en la piel. Su nuevo envase permite una activaci\u00f3n m\u00e1s c\u00f3moda y sencilla\u200b, y una mejor conservaci\u00f3n de la [&hellip;]<\/p>\n","protected":false},"featured_media":2147,"comment_status":"open","ping_status":"closed","template":"","meta":{"_joinchat":[]},"product_brand":[],"product_cat":[66],"product_tag":[],"class_list":{"0":"post-1928","1":"product","2":"type-product","3":"status-publish","4":"has-post-thumbnail","6":"product_cat-cremas","8":"first","9":"instock","10":"shipping-taxable","11":"purchasable","12":"product-type-simple"},"yoast_head":"<!-- This site is optimized with the Yoast SEO plugin v27.5 - https:\/\/yoast.com\/product\/yoast-seo-wordpress\/ -->\n<title>Pure C10 | Timexpert Radiance C+ - Voil\u00e0 Beauty<\/title>\n<meta name=\"robots\" content=\"index, follow, max-snippet:-1, max-image-preview:large, max-video-preview:-1\" \/>\n<link rel=\"canonical\" href=\"https:\/\/voilabeauty.com\/tienda\/cremas\/pure-c10-timexpert-radiance-c\/\" \/>\n<meta property=\"og:locale\" content=\"en_US\" \/>\n<meta property=\"og:type\" content=\"article\" \/>\n<meta property=\"og:title\" content=\"Pure C10 | Timexpert Radiance C+ - Voil\u00e0 Beauty\" \/>\n<meta property=\"og:description\" content=\"El tratamiento de 3 unidades de 10ml. La combinaci\u00f3n de Vitamina C Pura, Vitamina E y \u00c1cido Fer\u00falico multiplica la eficacia de cada uno, ejerciendo una acci\u00f3n sin\u00e9rgica protectora entre ellos y una acci\u00f3n antioxidante complementaria en la piel. Su nuevo envase permite una activaci\u00f3n m\u00e1s c\u00f3moda y sencilla\u200b, y una mejor conservaci\u00f3n de la [&hellip;]\" \/>\n<meta property=\"og:url\" content=\"https:\/\/voilabeauty.com\/tienda\/cremas\/pure-c10-timexpert-radiance-c\/\" \/>\n<meta property=\"og:site_name\" content=\"Voil\u00e0 Beauty\" \/>\n<meta property=\"article:modified_time\" content=\"2024-04-22T20:02:34+00:00\" \/>\n<meta property=\"og:image\" content=\"https:\/\/voilabeauty.com\/wp-content\/uploads\/2024\/01\/E3f123282d94646fd91705092a5f2b6d9g.jpg_2200x2200q75.jpeg\" \/>\n\t<meta property=\"og:image:width\" content=\"959\" \/>\n\t<meta property=\"og:image:height\" content=\"959\" \/>\n\t<meta property=\"og:image:type\" content=\"image\/jpeg\" \/>\n<meta name=\"twitter:card\" content=\"summary_large_image\" \/>\n<meta name=\"twitter:label1\" content=\"Est. reading time\" \/>\n\t<meta name=\"twitter:data1\" content=\"1 minute\" \/>\n<script type=\"application\/ld+json\" class=\"yoast-schema-graph\">{\"@context\":\"https:\\\/\\\/schema.org\",\"@graph\":[{\"@type\":\"WebPage\",\"@id\":\"https:\\\/\\\/voilabeauty.com\\\/tienda\\\/cremas\\\/pure-c10-timexpert-radiance-c\\\/\",\"url\":\"https:\\\/\\\/voilabeauty.com\\\/tienda\\\/cremas\\\/pure-c10-timexpert-radiance-c\\\/\",\"name\":\"Pure C10 | Timexpert Radiance C+ - Voil\u00e0 Beauty\",\"isPartOf\":{\"@id\":\"https:\\\/\\\/voilabeauty.com\\\/#website\"},\"primaryImageOfPage\":{\"@id\":\"https:\\\/\\\/voilabeauty.com\\\/tienda\\\/cremas\\\/pure-c10-timexpert-radiance-c\\\/#primaryimage\"},\"image\":{\"@id\":\"https:\\\/\\\/voilabeauty.com\\\/tienda\\\/cremas\\\/pure-c10-timexpert-radiance-c\\\/#primaryimage\"},\"thumbnailUrl\":\"https:\\\/\\\/voilabeauty.com\\\/wp-content\\\/uploads\\\/2024\\\/01\\\/E3f123282d94646fd91705092a5f2b6d9g.jpg_2200x2200q75.jpeg\",\"datePublished\":\"2024-01-10T17:00:16+00:00\",\"dateModified\":\"2024-04-22T20:02:34+00:00\",\"breadcrumb\":{\"@id\":\"https:\\\/\\\/voilabeauty.com\\\/tienda\\\/cremas\\\/pure-c10-timexpert-radiance-c\\\/#breadcrumb\"},\"inLanguage\":\"en-US\",\"potentialAction\":[{\"@type\":\"ReadAction\",\"target\":[\"https:\\\/\\\/voilabeauty.com\\\/tienda\\\/cremas\\\/pure-c10-timexpert-radiance-c\\\/\"]}]},{\"@type\":\"ImageObject\",\"inLanguage\":\"en-US\",\"@id\":\"https:\\\/\\\/voilabeauty.com\\\/tienda\\\/cremas\\\/pure-c10-timexpert-radiance-c\\\/#primaryimage\",\"url\":\"https:\\\/\\\/voilabeauty.com\\\/wp-content\\\/uploads\\\/2024\\\/01\\\/E3f123282d94646fd91705092a5f2b6d9g.jpg_2200x2200q75.jpeg\",\"contentUrl\":\"https:\\\/\\\/voilabeauty.com\\\/wp-content\\\/uploads\\\/2024\\\/01\\\/E3f123282d94646fd91705092a5f2b6d9g.jpg_2200x2200q75.jpeg\",\"width\":959,\"height\":959},{\"@type\":\"BreadcrumbList\",\"@id\":\"https:\\\/\\\/voilabeauty.com\\\/tienda\\\/cremas\\\/pure-c10-timexpert-radiance-c\\\/#breadcrumb\",\"itemListElement\":[{\"@type\":\"ListItem\",\"position\":1,\"name\":\"Portada\",\"item\":\"https:\\\/\\\/voilabeauty.com\\\/en\\\/home\\\/\"},{\"@type\":\"ListItem\",\"position\":2,\"name\":\"Productos\",\"item\":\"https:\\\/\\\/voilabeauty.com\\\/tienda__trashed\\\/\"},{\"@type\":\"ListItem\",\"position\":3,\"name\":\"Pure C10 | Timexpert Radiance C+\"}]},{\"@type\":\"WebSite\",\"@id\":\"https:\\\/\\\/voilabeauty.com\\\/#website\",\"url\":\"https:\\\/\\\/voilabeauty.com\\\/\",\"name\":\"Voil\u00e0 Beauty\",\"description\":\"Centro de belleza exclusivo en Barcelona\",\"potentialAction\":[{\"@type\":\"SearchAction\",\"target\":{\"@type\":\"EntryPoint\",\"urlTemplate\":\"https:\\\/\\\/voilabeauty.com\\\/?s={search_term_string}\"},\"query-input\":{\"@type\":\"PropertyValueSpecification\",\"valueRequired\":true,\"valueName\":\"search_term_string\"}}],\"inLanguage\":\"en-US\"}]}<\/script>\n<!-- \/ Yoast SEO plugin. -->","yoast_head_json":{"title":"Pure C10 | Timexpert Radiance C+ - Voil\u00e0 Beauty","robots":{"index":"index","follow":"follow","max-snippet":"max-snippet:-1","max-image-preview":"max-image-preview:large","max-video-preview":"max-video-preview:-1"},"canonical":"https:\/\/voilabeauty.com\/tienda\/cremas\/pure-c10-timexpert-radiance-c\/","og_locale":"en_US","og_type":"article","og_title":"Pure C10 | Timexpert Radiance C+ - Voil\u00e0 Beauty","og_description":"El tratamiento de 3 unidades de 10ml. La combinaci\u00f3n de Vitamina C Pura, Vitamina E y \u00c1cido Fer\u00falico multiplica la eficacia de cada uno, ejerciendo una acci\u00f3n sin\u00e9rgica protectora entre ellos y una acci\u00f3n antioxidante complementaria en la piel. Su nuevo envase permite una activaci\u00f3n m\u00e1s c\u00f3moda y sencilla\u200b, y una mejor conservaci\u00f3n de la [&hellip;]","og_url":"https:\/\/voilabeauty.com\/tienda\/cremas\/pure-c10-timexpert-radiance-c\/","og_site_name":"Voil\u00e0 Beauty","article_modified_time":"2024-04-22T20:02:34+00:00","og_image":[{"width":959,"height":959,"url":"https:\/\/voilabeauty.com\/wp-content\/uploads\/2024\/01\/E3f123282d94646fd91705092a5f2b6d9g.jpg_2200x2200q75.jpeg","type":"image\/jpeg"}],"twitter_card":"summary_large_image","twitter_misc":{"Est. reading time":"1 minute"},"schema":{"@context":"https:\/\/schema.org","@graph":[{"@type":"WebPage","@id":"https:\/\/voilabeauty.com\/tienda\/cremas\/pure-c10-timexpert-radiance-c\/","url":"https:\/\/voilabeauty.com\/tienda\/cremas\/pure-c10-timexpert-radiance-c\/","name":"Pure C10 | Timexpert Radiance C+ - Voil\u00e0 Beauty","isPartOf":{"@id":"https:\/\/voilabeauty.com\/#website"},"primaryImageOfPage":{"@id":"https:\/\/voilabeauty.com\/tienda\/cremas\/pure-c10-timexpert-radiance-c\/#primaryimage"},"image":{"@id":"https:\/\/voilabeauty.com\/tienda\/cremas\/pure-c10-timexpert-radiance-c\/#primaryimage"},"thumbnailUrl":"https:\/\/voilabeauty.com\/wp-content\/uploads\/2024\/01\/E3f123282d94646fd91705092a5f2b6d9g.jpg_2200x2200q75.jpeg","datePublished":"2024-01-10T17:00:16+00:00","dateModified":"2024-04-22T20:02:34+00:00","breadcrumb":{"@id":"https:\/\/voilabeauty.com\/tienda\/cremas\/pure-c10-timexpert-radiance-c\/#breadcrumb"},"inLanguage":"en-US","potentialAction":[{"@type":"ReadAction","target":["https:\/\/voilabeauty.com\/tienda\/cremas\/pure-c10-timexpert-radiance-c\/"]}]},{"@type":"ImageObject","inLanguage":"en-US","@id":"https:\/\/voilabeauty.com\/tienda\/cremas\/pure-c10-timexpert-radiance-c\/#primaryimage","url":"https:\/\/voilabeauty.com\/wp-content\/uploads\/2024\/01\/E3f123282d94646fd91705092a5f2b6d9g.jpg_2200x2200q75.jpeg","contentUrl":"https:\/\/voilabeauty.com\/wp-content\/uploads\/2024\/01\/E3f123282d94646fd91705092a5f2b6d9g.jpg_2200x2200q75.jpeg","width":959,"height":959},{"@type":"BreadcrumbList","@id":"https:\/\/voilabeauty.com\/tienda\/cremas\/pure-c10-timexpert-radiance-c\/#breadcrumb","itemListElement":[{"@type":"ListItem","position":1,"name":"Portada","item":"https:\/\/voilabeauty.com\/en\/home\/"},{"@type":"ListItem","position":2,"name":"Productos","item":"https:\/\/voilabeauty.com\/tienda__trashed\/"},{"@type":"ListItem","position":3,"name":"Pure C10 | Timexpert Radiance C+"}]},{"@type":"WebSite","@id":"https:\/\/voilabeauty.com\/#website","url":"https:\/\/voilabeauty.com\/","name":"Voil\u00e0 Beauty","description":"Centro de belleza exclusivo en Barcelona","potentialAction":[{"@type":"SearchAction","target":{"@type":"EntryPoint","urlTemplate":"https:\/\/voilabeauty.com\/?s={search_term_string}"},"query-input":{"@type":"PropertyValueSpecification","valueRequired":true,"valueName":"search_term_string"}}],"inLanguage":"en-US"}]}},"_links":{"self":[{"href":"https:\/\/voilabeauty.com\/en\/wp-json\/wp\/v2\/product\/1928","targetHints":{"allow":["GET"]}}],"collection":[{"href":"https:\/\/voilabeauty.com\/en\/wp-json\/wp\/v2\/product"}],"about":[{"href":"https:\/\/voilabeauty.com\/en\/wp-json\/wp\/v2\/types\/product"}],"replies":[{"embeddable":true,"href":"https:\/\/voilabeauty.com\/en\/wp-json\/wp\/v2\/comments?post=1928"}],"wp:featuredmedia":[{"embeddable":true,"href":"https:\/\/voilabeauty.com\/en\/wp-json\/wp\/v2\/media\/2147"}],"wp:attachment":[{"href":"https:\/\/voilabeauty.com\/en\/wp-json\/wp\/v2\/media?parent=1928"}],"wp:term":[{"taxonomy":"product_brand","embeddable":true,"href":"https:\/\/voilabeauty.com\/en\/wp-json\/wp\/v2\/product_brand?post=1928"},{"taxonomy":"product_cat","embeddable":true,"href":"https:\/\/voilabeauty.com\/en\/wp-json\/wp\/v2\/product_cat?post=1928"},{"taxonomy":"product_tag","embeddable":true,"href":"https:\/\/voilabeauty.com\/en\/wp-json\/wp\/v2\/product_tag?post=1928"}],"curies":[{"name":"wp","href":"https:\/\/api.w.org\/{rel}","templated":true}]}}