{"id":1924,"date":"2024-01-10T17:56:11","date_gmt":"2024-01-10T16:56:11","guid":{"rendered":"https:\/\/voilabeauty.com\/?post_type=product&#038;p=1924"},"modified":"2024-04-22T22:02:30","modified_gmt":"2024-04-22T20:02:30","slug":"emulsion-antioxidante-iluminadora-timexpert-radiance-c","status":"publish","type":"product","link":"https:\/\/voilabeauty.com\/en\/tienda\/cremas\/emulsion-antioxidante-iluminadora-timexpert-radiance-c\/","title":{"rendered":"Emulsi\u00f3n Antioxidante Iluminadora | Timexpert Radiance C+"},"content":{"rendered":"<p>M\u00e1xima protecci\u00f3n antioxidante y est\u00edmulo diario de luminosidad en textura emulsi\u00f3n, perfecta para pieles mixtas o con tendencia grasa.<br \/>\nLa Vitamina C Pura se combina, en esta crema facial, con el nanopol\u00edmero patentado HLG (\u00c1cido Hialur\u00f3nico, Lisina, \u00c1cido Glut\u00e1mico) creando un tratamiento 6 veces m\u00e1s eficaz.<br \/>\nGracias a esta uni\u00f3n la crema iluminadora act\u00faa en todas las capas de la piel, estimulando el metabolismo celular y maximizando los beneficios de la f\u00f3rmula, a la vez que aporta unos niveles de hidrataci\u00f3n extraordinarios.<br \/>\nEl extracto de Ume aporta su poderoso efecto iluminador. Adem\u00e1s, la Vitamina C es un escudo antiedad para usar todo el a\u00f1o. Favorece la s\u00edntesis de col\u00e1geno para una piel m\u00e1s firme.<\/p>\n<p>BENEFICIOS:<br \/>\n-La tez revela su vitalidad natural, carg\u00e1ndose de energ\u00eda y perdiendo su aspecto apagado y mate.<br \/>\n-Las marcas de cansancio se desvanecen y el tono se vuelve m\u00e1s uniforme.<br \/>\n-La piel est\u00e1 cada d\u00eda m\u00e1s hidratada y firme, reflejando un brillo propio de la juventud.<\/p>\n","protected":false},"excerpt":{"rendered":"<p>M\u00e1xima protecci\u00f3n antioxidante y est\u00edmulo diario de luminosidad en textura emulsi\u00f3n, perfecta para pieles mixtas o con tendencia grasa. La Vitamina C Pura se combina, en esta crema facial, con el nanopol\u00edmero patentado HLG (\u00c1cido Hialur\u00f3nico, Lisina, \u00c1cido Glut\u00e1mico) creando un tratamiento 6 veces m\u00e1s eficaz. Gracias a esta uni\u00f3n la crema iluminadora act\u00faa en [&hellip;]<\/p>\n","protected":false},"featured_media":1925,"comment_status":"open","ping_status":"closed","template":"","meta":{"_joinchat":[]},"product_brand":[],"product_cat":[66],"product_tag":[],"class_list":{"0":"post-1924","1":"product","2":"type-product","3":"status-publish","4":"has-post-thumbnail","6":"product_cat-cremas","8":"first","9":"instock","10":"shipping-taxable","11":"purchasable","12":"product-type-simple"},"yoast_head":"<!-- This site is optimized with the Yoast SEO plugin v27.5 - https:\/\/yoast.com\/product\/yoast-seo-wordpress\/ -->\n<title>Emulsi\u00f3n Antioxidante Iluminadora | Timexpert Radiance C+ - Voil\u00e0 Beauty<\/title>\n<meta name=\"robots\" content=\"index, follow, max-snippet:-1, max-image-preview:large, max-video-preview:-1\" \/>\n<link rel=\"canonical\" href=\"https:\/\/voilabeauty.com\/tienda\/cremas\/emulsion-antioxidante-iluminadora-timexpert-radiance-c\/\" \/>\n<meta property=\"og:locale\" content=\"en_US\" \/>\n<meta property=\"og:type\" content=\"article\" \/>\n<meta property=\"og:title\" content=\"Emulsi\u00f3n Antioxidante Iluminadora | Timexpert Radiance C+ - Voil\u00e0 Beauty\" \/>\n<meta property=\"og:description\" content=\"M\u00e1xima protecci\u00f3n antioxidante y est\u00edmulo diario de luminosidad en textura emulsi\u00f3n, perfecta para pieles mixtas o con tendencia grasa. La Vitamina C Pura se combina, en esta crema facial, con el nanopol\u00edmero patentado HLG (\u00c1cido Hialur\u00f3nico, Lisina, \u00c1cido Glut\u00e1mico) creando un tratamiento 6 veces m\u00e1s eficaz. Gracias a esta uni\u00f3n la crema iluminadora act\u00faa en [&hellip;]\" \/>\n<meta property=\"og:url\" content=\"https:\/\/voilabeauty.com\/tienda\/cremas\/emulsion-antioxidante-iluminadora-timexpert-radiance-c\/\" \/>\n<meta property=\"og:site_name\" content=\"Voil\u00e0 Beauty\" \/>\n<meta property=\"article:modified_time\" content=\"2024-04-22T20:02:30+00:00\" \/>\n<meta property=\"og:image\" content=\"https:\/\/voilabeauty.com\/wp-content\/uploads\/2024\/01\/00380001_1.jpg.webp\" \/>\n\t<meta property=\"og:image:width\" content=\"700\" \/>\n\t<meta property=\"og:image:height\" content=\"700\" \/>\n\t<meta property=\"og:image:type\" content=\"image\/webp\" \/>\n<meta name=\"twitter:card\" content=\"summary_large_image\" \/>\n<meta name=\"twitter:label1\" content=\"Est. reading time\" \/>\n\t<meta name=\"twitter:data1\" content=\"1 minute\" \/>\n<script type=\"application\/ld+json\" class=\"yoast-schema-graph\">{\"@context\":\"https:\\\/\\\/schema.org\",\"@graph\":[{\"@type\":\"WebPage\",\"@id\":\"https:\\\/\\\/voilabeauty.com\\\/tienda\\\/cremas\\\/emulsion-antioxidante-iluminadora-timexpert-radiance-c\\\/\",\"url\":\"https:\\\/\\\/voilabeauty.com\\\/tienda\\\/cremas\\\/emulsion-antioxidante-iluminadora-timexpert-radiance-c\\\/\",\"name\":\"Emulsi\u00f3n Antioxidante Iluminadora | Timexpert Radiance C+ - Voil\u00e0 Beauty\",\"isPartOf\":{\"@id\":\"https:\\\/\\\/voilabeauty.com\\\/#website\"},\"primaryImageOfPage\":{\"@id\":\"https:\\\/\\\/voilabeauty.com\\\/tienda\\\/cremas\\\/emulsion-antioxidante-iluminadora-timexpert-radiance-c\\\/#primaryimage\"},\"image\":{\"@id\":\"https:\\\/\\\/voilabeauty.com\\\/tienda\\\/cremas\\\/emulsion-antioxidante-iluminadora-timexpert-radiance-c\\\/#primaryimage\"},\"thumbnailUrl\":\"https:\\\/\\\/voilabeauty.com\\\/wp-content\\\/uploads\\\/2024\\\/01\\\/00380001_1.jpg.webp\",\"datePublished\":\"2024-01-10T16:56:11+00:00\",\"dateModified\":\"2024-04-22T20:02:30+00:00\",\"breadcrumb\":{\"@id\":\"https:\\\/\\\/voilabeauty.com\\\/tienda\\\/cremas\\\/emulsion-antioxidante-iluminadora-timexpert-radiance-c\\\/#breadcrumb\"},\"inLanguage\":\"en-US\",\"potentialAction\":[{\"@type\":\"ReadAction\",\"target\":[\"https:\\\/\\\/voilabeauty.com\\\/tienda\\\/cremas\\\/emulsion-antioxidante-iluminadora-timexpert-radiance-c\\\/\"]}]},{\"@type\":\"ImageObject\",\"inLanguage\":\"en-US\",\"@id\":\"https:\\\/\\\/voilabeauty.com\\\/tienda\\\/cremas\\\/emulsion-antioxidante-iluminadora-timexpert-radiance-c\\\/#primaryimage\",\"url\":\"https:\\\/\\\/voilabeauty.com\\\/wp-content\\\/uploads\\\/2024\\\/01\\\/00380001_1.jpg.webp\",\"contentUrl\":\"https:\\\/\\\/voilabeauty.com\\\/wp-content\\\/uploads\\\/2024\\\/01\\\/00380001_1.jpg.webp\",\"width\":700,\"height\":700},{\"@type\":\"BreadcrumbList\",\"@id\":\"https:\\\/\\\/voilabeauty.com\\\/tienda\\\/cremas\\\/emulsion-antioxidante-iluminadora-timexpert-radiance-c\\\/#breadcrumb\",\"itemListElement\":[{\"@type\":\"ListItem\",\"position\":1,\"name\":\"Portada\",\"item\":\"https:\\\/\\\/voilabeauty.com\\\/en\\\/home\\\/\"},{\"@type\":\"ListItem\",\"position\":2,\"name\":\"Productos\",\"item\":\"https:\\\/\\\/voilabeauty.com\\\/tienda__trashed\\\/\"},{\"@type\":\"ListItem\",\"position\":3,\"name\":\"Emulsi\u00f3n Antioxidante Iluminadora | Timexpert Radiance C+\"}]},{\"@type\":\"WebSite\",\"@id\":\"https:\\\/\\\/voilabeauty.com\\\/#website\",\"url\":\"https:\\\/\\\/voilabeauty.com\\\/\",\"name\":\"Voil\u00e0 Beauty\",\"description\":\"Centro de belleza exclusivo en Barcelona\",\"potentialAction\":[{\"@type\":\"SearchAction\",\"target\":{\"@type\":\"EntryPoint\",\"urlTemplate\":\"https:\\\/\\\/voilabeauty.com\\\/?s={search_term_string}\"},\"query-input\":{\"@type\":\"PropertyValueSpecification\",\"valueRequired\":true,\"valueName\":\"search_term_string\"}}],\"inLanguage\":\"en-US\"}]}<\/script>\n<!-- \/ Yoast SEO plugin. -->","yoast_head_json":{"title":"Emulsi\u00f3n Antioxidante Iluminadora | Timexpert Radiance C+ - Voil\u00e0 Beauty","robots":{"index":"index","follow":"follow","max-snippet":"max-snippet:-1","max-image-preview":"max-image-preview:large","max-video-preview":"max-video-preview:-1"},"canonical":"https:\/\/voilabeauty.com\/tienda\/cremas\/emulsion-antioxidante-iluminadora-timexpert-radiance-c\/","og_locale":"en_US","og_type":"article","og_title":"Emulsi\u00f3n Antioxidante Iluminadora | Timexpert Radiance C+ - Voil\u00e0 Beauty","og_description":"M\u00e1xima protecci\u00f3n antioxidante y est\u00edmulo diario de luminosidad en textura emulsi\u00f3n, perfecta para pieles mixtas o con tendencia grasa. La Vitamina C Pura se combina, en esta crema facial, con el nanopol\u00edmero patentado HLG (\u00c1cido Hialur\u00f3nico, Lisina, \u00c1cido Glut\u00e1mico) creando un tratamiento 6 veces m\u00e1s eficaz. Gracias a esta uni\u00f3n la crema iluminadora act\u00faa en [&hellip;]","og_url":"https:\/\/voilabeauty.com\/tienda\/cremas\/emulsion-antioxidante-iluminadora-timexpert-radiance-c\/","og_site_name":"Voil\u00e0 Beauty","article_modified_time":"2024-04-22T20:02:30+00:00","og_image":[{"width":700,"height":700,"url":"https:\/\/voilabeauty.com\/wp-content\/uploads\/2024\/01\/00380001_1.jpg.webp","type":"image\/webp"}],"twitter_card":"summary_large_image","twitter_misc":{"Est. reading time":"1 minute"},"schema":{"@context":"https:\/\/schema.org","@graph":[{"@type":"WebPage","@id":"https:\/\/voilabeauty.com\/tienda\/cremas\/emulsion-antioxidante-iluminadora-timexpert-radiance-c\/","url":"https:\/\/voilabeauty.com\/tienda\/cremas\/emulsion-antioxidante-iluminadora-timexpert-radiance-c\/","name":"Emulsi\u00f3n Antioxidante Iluminadora | Timexpert Radiance C+ - Voil\u00e0 Beauty","isPartOf":{"@id":"https:\/\/voilabeauty.com\/#website"},"primaryImageOfPage":{"@id":"https:\/\/voilabeauty.com\/tienda\/cremas\/emulsion-antioxidante-iluminadora-timexpert-radiance-c\/#primaryimage"},"image":{"@id":"https:\/\/voilabeauty.com\/tienda\/cremas\/emulsion-antioxidante-iluminadora-timexpert-radiance-c\/#primaryimage"},"thumbnailUrl":"https:\/\/voilabeauty.com\/wp-content\/uploads\/2024\/01\/00380001_1.jpg.webp","datePublished":"2024-01-10T16:56:11+00:00","dateModified":"2024-04-22T20:02:30+00:00","breadcrumb":{"@id":"https:\/\/voilabeauty.com\/tienda\/cremas\/emulsion-antioxidante-iluminadora-timexpert-radiance-c\/#breadcrumb"},"inLanguage":"en-US","potentialAction":[{"@type":"ReadAction","target":["https:\/\/voilabeauty.com\/tienda\/cremas\/emulsion-antioxidante-iluminadora-timexpert-radiance-c\/"]}]},{"@type":"ImageObject","inLanguage":"en-US","@id":"https:\/\/voilabeauty.com\/tienda\/cremas\/emulsion-antioxidante-iluminadora-timexpert-radiance-c\/#primaryimage","url":"https:\/\/voilabeauty.com\/wp-content\/uploads\/2024\/01\/00380001_1.jpg.webp","contentUrl":"https:\/\/voilabeauty.com\/wp-content\/uploads\/2024\/01\/00380001_1.jpg.webp","width":700,"height":700},{"@type":"BreadcrumbList","@id":"https:\/\/voilabeauty.com\/tienda\/cremas\/emulsion-antioxidante-iluminadora-timexpert-radiance-c\/#breadcrumb","itemListElement":[{"@type":"ListItem","position":1,"name":"Portada","item":"https:\/\/voilabeauty.com\/en\/home\/"},{"@type":"ListItem","position":2,"name":"Productos","item":"https:\/\/voilabeauty.com\/tienda__trashed\/"},{"@type":"ListItem","position":3,"name":"Emulsi\u00f3n Antioxidante Iluminadora | Timexpert Radiance C+"}]},{"@type":"WebSite","@id":"https:\/\/voilabeauty.com\/#website","url":"https:\/\/voilabeauty.com\/","name":"Voil\u00e0 Beauty","description":"Centro de belleza exclusivo en Barcelona","potentialAction":[{"@type":"SearchAction","target":{"@type":"EntryPoint","urlTemplate":"https:\/\/voilabeauty.com\/?s={search_term_string}"},"query-input":{"@type":"PropertyValueSpecification","valueRequired":true,"valueName":"search_term_string"}}],"inLanguage":"en-US"}]}},"_links":{"self":[{"href":"https:\/\/voilabeauty.com\/en\/wp-json\/wp\/v2\/product\/1924","targetHints":{"allow":["GET"]}}],"collection":[{"href":"https:\/\/voilabeauty.com\/en\/wp-json\/wp\/v2\/product"}],"about":[{"href":"https:\/\/voilabeauty.com\/en\/wp-json\/wp\/v2\/types\/product"}],"replies":[{"embeddable":true,"href":"https:\/\/voilabeauty.com\/en\/wp-json\/wp\/v2\/comments?post=1924"}],"wp:featuredmedia":[{"embeddable":true,"href":"https:\/\/voilabeauty.com\/en\/wp-json\/wp\/v2\/media\/1925"}],"wp:attachment":[{"href":"https:\/\/voilabeauty.com\/en\/wp-json\/wp\/v2\/media?parent=1924"}],"wp:term":[{"taxonomy":"product_brand","embeddable":true,"href":"https:\/\/voilabeauty.com\/en\/wp-json\/wp\/v2\/product_brand?post=1924"},{"taxonomy":"product_cat","embeddable":true,"href":"https:\/\/voilabeauty.com\/en\/wp-json\/wp\/v2\/product_cat?post=1924"},{"taxonomy":"product_tag","embeddable":true,"href":"https:\/\/voilabeauty.com\/en\/wp-json\/wp\/v2\/product_tag?post=1924"}],"curies":[{"name":"wp","href":"https:\/\/api.w.org\/{rel}","templated":true}]}}