{"id":1867,"date":"2024-01-10T17:02:18","date_gmt":"2024-01-10T16:02:18","guid":{"rendered":"https:\/\/voilabeauty.com\/?post_type=product&#038;p=1867"},"modified":"2024-04-22T22:03:27","modified_gmt":"2024-04-22T20:03:27","slug":"crema-lipo-control","status":"publish","type":"product","link":"https:\/\/voilabeauty.com\/en\/tienda\/cremas\/crema-lipo-control\/","title":{"rendered":"Crema HD Lipo Control"},"content":{"rendered":"<p>Gel reductor corporal que ataca las acumulaciones de grasa m\u00e1s tenaces. Fracciona y activa la acci\u00f3n quema-grasas. Disminuye la presi\u00f3n sobre los n\u00f3dulos grasos y se drena la zona, facilitando la eliminaci\u00f3n de grasas y toxinas.<\/p>\n<p>BENEFICIOS:<\/p>\n<p>-Piel m\u00e1s lisa, menos acolchada.<br \/>\n-Mejora el aspecto de la piel de naranja, tiende a desaparecer.<br \/>\n-El extracto de suaeda mar\u00edtima contiene una gran concentraci\u00f3n de beta\u00ednas naturales con propiedades emulsionantes de las grasas. Act\u00faa sobre las grandes gotas de l\u00edpidos disgreg\u00e1ndolas en peque\u00f1as gotitas, de manera que aumenta la superficie para el contacto entre las reservas de grasa y las sustancias lipol\u00edticas.<\/p>\n","protected":false},"excerpt":{"rendered":"<p>Gel reductor corporal que ataca las acumulaciones de grasa m\u00e1s tenaces. Fracciona y activa la acci\u00f3n quema-grasas. Disminuye la presi\u00f3n sobre los n\u00f3dulos grasos y se drena la zona, facilitando la eliminaci\u00f3n de grasas y toxinas. BENEFICIOS: -Piel m\u00e1s lisa, menos acolchada. -Mejora el aspecto de la piel de naranja, tiende a desaparecer. -El extracto [&hellip;]<\/p>\n","protected":false},"featured_media":1869,"comment_status":"open","ping_status":"closed","template":"","meta":{"_joinchat":[]},"product_brand":[],"product_cat":[66],"product_tag":[],"class_list":{"0":"post-1867","1":"product","2":"type-product","3":"status-publish","4":"has-post-thumbnail","6":"product_cat-cremas","8":"first","9":"instock","10":"shipping-taxable","11":"purchasable","12":"product-type-simple"},"yoast_head":"<!-- This site is optimized with the Yoast SEO plugin v27.5 - https:\/\/yoast.com\/product\/yoast-seo-wordpress\/ -->\n<title>Crema HD Lipo Control - Voil\u00e0 Beauty<\/title>\n<meta name=\"robots\" content=\"index, follow, max-snippet:-1, max-image-preview:large, max-video-preview:-1\" \/>\n<link rel=\"canonical\" href=\"https:\/\/voilabeauty.com\/tienda\/cremas\/crema-lipo-control\/\" \/>\n<meta property=\"og:locale\" content=\"en_US\" \/>\n<meta property=\"og:type\" content=\"article\" \/>\n<meta property=\"og:title\" content=\"Crema HD Lipo Control - Voil\u00e0 Beauty\" \/>\n<meta property=\"og:description\" content=\"Gel reductor corporal que ataca las acumulaciones de grasa m\u00e1s tenaces. Fracciona y activa la acci\u00f3n quema-grasas. Disminuye la presi\u00f3n sobre los n\u00f3dulos grasos y se drena la zona, facilitando la eliminaci\u00f3n de grasas y toxinas. BENEFICIOS: -Piel m\u00e1s lisa, menos acolchada. -Mejora el aspecto de la piel de naranja, tiende a desaparecer. -El extracto [&hellip;]\" \/>\n<meta property=\"og:url\" content=\"https:\/\/voilabeauty.com\/tienda\/cremas\/crema-lipo-control\/\" \/>\n<meta property=\"og:site_name\" content=\"Voil\u00e0 Beauty\" \/>\n<meta property=\"article:modified_time\" content=\"2024-04-22T20:03:27+00:00\" \/>\n<meta property=\"og:image\" content=\"https:\/\/voilabeauty.com\/wp-content\/uploads\/2024\/01\/00911775_1.jpg.webp\" \/>\n\t<meta property=\"og:image:width\" content=\"600\" \/>\n\t<meta property=\"og:image:height\" content=\"600\" \/>\n\t<meta property=\"og:image:type\" content=\"image\/webp\" \/>\n<meta name=\"twitter:card\" content=\"summary_large_image\" \/>\n<meta name=\"twitter:label1\" content=\"Est. reading time\" \/>\n\t<meta name=\"twitter:data1\" content=\"1 minute\" \/>\n<script type=\"application\/ld+json\" class=\"yoast-schema-graph\">{\"@context\":\"https:\\\/\\\/schema.org\",\"@graph\":[{\"@type\":\"WebPage\",\"@id\":\"https:\\\/\\\/voilabeauty.com\\\/tienda\\\/cremas\\\/crema-lipo-control\\\/\",\"url\":\"https:\\\/\\\/voilabeauty.com\\\/tienda\\\/cremas\\\/crema-lipo-control\\\/\",\"name\":\"Crema HD Lipo Control - Voil\u00e0 Beauty\",\"isPartOf\":{\"@id\":\"https:\\\/\\\/voilabeauty.com\\\/#website\"},\"primaryImageOfPage\":{\"@id\":\"https:\\\/\\\/voilabeauty.com\\\/tienda\\\/cremas\\\/crema-lipo-control\\\/#primaryimage\"},\"image\":{\"@id\":\"https:\\\/\\\/voilabeauty.com\\\/tienda\\\/cremas\\\/crema-lipo-control\\\/#primaryimage\"},\"thumbnailUrl\":\"https:\\\/\\\/voilabeauty.com\\\/wp-content\\\/uploads\\\/2024\\\/01\\\/00911775_1.jpg.webp\",\"datePublished\":\"2024-01-10T16:02:18+00:00\",\"dateModified\":\"2024-04-22T20:03:27+00:00\",\"breadcrumb\":{\"@id\":\"https:\\\/\\\/voilabeauty.com\\\/tienda\\\/cremas\\\/crema-lipo-control\\\/#breadcrumb\"},\"inLanguage\":\"en-US\",\"potentialAction\":[{\"@type\":\"ReadAction\",\"target\":[\"https:\\\/\\\/voilabeauty.com\\\/tienda\\\/cremas\\\/crema-lipo-control\\\/\"]}]},{\"@type\":\"ImageObject\",\"inLanguage\":\"en-US\",\"@id\":\"https:\\\/\\\/voilabeauty.com\\\/tienda\\\/cremas\\\/crema-lipo-control\\\/#primaryimage\",\"url\":\"https:\\\/\\\/voilabeauty.com\\\/wp-content\\\/uploads\\\/2024\\\/01\\\/00911775_1.jpg.webp\",\"contentUrl\":\"https:\\\/\\\/voilabeauty.com\\\/wp-content\\\/uploads\\\/2024\\\/01\\\/00911775_1.jpg.webp\",\"width\":600,\"height\":600},{\"@type\":\"BreadcrumbList\",\"@id\":\"https:\\\/\\\/voilabeauty.com\\\/tienda\\\/cremas\\\/crema-lipo-control\\\/#breadcrumb\",\"itemListElement\":[{\"@type\":\"ListItem\",\"position\":1,\"name\":\"Portada\",\"item\":\"https:\\\/\\\/voilabeauty.com\\\/en\\\/home\\\/\"},{\"@type\":\"ListItem\",\"position\":2,\"name\":\"Productos\",\"item\":\"https:\\\/\\\/voilabeauty.com\\\/tienda__trashed\\\/\"},{\"@type\":\"ListItem\",\"position\":3,\"name\":\"Crema HD Lipo Control\"}]},{\"@type\":\"WebSite\",\"@id\":\"https:\\\/\\\/voilabeauty.com\\\/#website\",\"url\":\"https:\\\/\\\/voilabeauty.com\\\/\",\"name\":\"Voil\u00e0 Beauty\",\"description\":\"Centro de belleza exclusivo en Barcelona\",\"potentialAction\":[{\"@type\":\"SearchAction\",\"target\":{\"@type\":\"EntryPoint\",\"urlTemplate\":\"https:\\\/\\\/voilabeauty.com\\\/?s={search_term_string}\"},\"query-input\":{\"@type\":\"PropertyValueSpecification\",\"valueRequired\":true,\"valueName\":\"search_term_string\"}}],\"inLanguage\":\"en-US\"}]}<\/script>\n<!-- \/ Yoast SEO plugin. -->","yoast_head_json":{"title":"Crema HD Lipo Control - Voil\u00e0 Beauty","robots":{"index":"index","follow":"follow","max-snippet":"max-snippet:-1","max-image-preview":"max-image-preview:large","max-video-preview":"max-video-preview:-1"},"canonical":"https:\/\/voilabeauty.com\/tienda\/cremas\/crema-lipo-control\/","og_locale":"en_US","og_type":"article","og_title":"Crema HD Lipo Control - Voil\u00e0 Beauty","og_description":"Gel reductor corporal que ataca las acumulaciones de grasa m\u00e1s tenaces. Fracciona y activa la acci\u00f3n quema-grasas. Disminuye la presi\u00f3n sobre los n\u00f3dulos grasos y se drena la zona, facilitando la eliminaci\u00f3n de grasas y toxinas. BENEFICIOS: -Piel m\u00e1s lisa, menos acolchada. -Mejora el aspecto de la piel de naranja, tiende a desaparecer. -El extracto [&hellip;]","og_url":"https:\/\/voilabeauty.com\/tienda\/cremas\/crema-lipo-control\/","og_site_name":"Voil\u00e0 Beauty","article_modified_time":"2024-04-22T20:03:27+00:00","og_image":[{"width":600,"height":600,"url":"https:\/\/voilabeauty.com\/wp-content\/uploads\/2024\/01\/00911775_1.jpg.webp","type":"image\/webp"}],"twitter_card":"summary_large_image","twitter_misc":{"Est. reading time":"1 minute"},"schema":{"@context":"https:\/\/schema.org","@graph":[{"@type":"WebPage","@id":"https:\/\/voilabeauty.com\/tienda\/cremas\/crema-lipo-control\/","url":"https:\/\/voilabeauty.com\/tienda\/cremas\/crema-lipo-control\/","name":"Crema HD Lipo Control - Voil\u00e0 Beauty","isPartOf":{"@id":"https:\/\/voilabeauty.com\/#website"},"primaryImageOfPage":{"@id":"https:\/\/voilabeauty.com\/tienda\/cremas\/crema-lipo-control\/#primaryimage"},"image":{"@id":"https:\/\/voilabeauty.com\/tienda\/cremas\/crema-lipo-control\/#primaryimage"},"thumbnailUrl":"https:\/\/voilabeauty.com\/wp-content\/uploads\/2024\/01\/00911775_1.jpg.webp","datePublished":"2024-01-10T16:02:18+00:00","dateModified":"2024-04-22T20:03:27+00:00","breadcrumb":{"@id":"https:\/\/voilabeauty.com\/tienda\/cremas\/crema-lipo-control\/#breadcrumb"},"inLanguage":"en-US","potentialAction":[{"@type":"ReadAction","target":["https:\/\/voilabeauty.com\/tienda\/cremas\/crema-lipo-control\/"]}]},{"@type":"ImageObject","inLanguage":"en-US","@id":"https:\/\/voilabeauty.com\/tienda\/cremas\/crema-lipo-control\/#primaryimage","url":"https:\/\/voilabeauty.com\/wp-content\/uploads\/2024\/01\/00911775_1.jpg.webp","contentUrl":"https:\/\/voilabeauty.com\/wp-content\/uploads\/2024\/01\/00911775_1.jpg.webp","width":600,"height":600},{"@type":"BreadcrumbList","@id":"https:\/\/voilabeauty.com\/tienda\/cremas\/crema-lipo-control\/#breadcrumb","itemListElement":[{"@type":"ListItem","position":1,"name":"Portada","item":"https:\/\/voilabeauty.com\/en\/home\/"},{"@type":"ListItem","position":2,"name":"Productos","item":"https:\/\/voilabeauty.com\/tienda__trashed\/"},{"@type":"ListItem","position":3,"name":"Crema HD Lipo Control"}]},{"@type":"WebSite","@id":"https:\/\/voilabeauty.com\/#website","url":"https:\/\/voilabeauty.com\/","name":"Voil\u00e0 Beauty","description":"Centro de belleza exclusivo en Barcelona","potentialAction":[{"@type":"SearchAction","target":{"@type":"EntryPoint","urlTemplate":"https:\/\/voilabeauty.com\/?s={search_term_string}"},"query-input":{"@type":"PropertyValueSpecification","valueRequired":true,"valueName":"search_term_string"}}],"inLanguage":"en-US"}]}},"_links":{"self":[{"href":"https:\/\/voilabeauty.com\/en\/wp-json\/wp\/v2\/product\/1867","targetHints":{"allow":["GET"]}}],"collection":[{"href":"https:\/\/voilabeauty.com\/en\/wp-json\/wp\/v2\/product"}],"about":[{"href":"https:\/\/voilabeauty.com\/en\/wp-json\/wp\/v2\/types\/product"}],"replies":[{"embeddable":true,"href":"https:\/\/voilabeauty.com\/en\/wp-json\/wp\/v2\/comments?post=1867"}],"wp:featuredmedia":[{"embeddable":true,"href":"https:\/\/voilabeauty.com\/en\/wp-json\/wp\/v2\/media\/1869"}],"wp:attachment":[{"href":"https:\/\/voilabeauty.com\/en\/wp-json\/wp\/v2\/media?parent=1867"}],"wp:term":[{"taxonomy":"product_brand","embeddable":true,"href":"https:\/\/voilabeauty.com\/en\/wp-json\/wp\/v2\/product_brand?post=1867"},{"taxonomy":"product_cat","embeddable":true,"href":"https:\/\/voilabeauty.com\/en\/wp-json\/wp\/v2\/product_cat?post=1867"},{"taxonomy":"product_tag","embeddable":true,"href":"https:\/\/voilabeauty.com\/en\/wp-json\/wp\/v2\/product_tag?post=1867"}],"curies":[{"name":"wp","href":"https:\/\/api.w.org\/{rel}","templated":true}]}}